{"id":4796,"date":"2025-11-16T19:00:08","date_gmt":"2025-11-16T16:00:08","guid":{"rendered":"https:\/\/institutulxenopol.ro\/?page_id=4796"},"modified":"2025-11-16T19:03:59","modified_gmt":"2025-11-16T16:03:59","slug":"dumitru-vitcu-1940-2025","status":"publish","type":"page","link":"https:\/\/institutulxenopol.ro\/en\/dumitru-vitcu-1940-2025\/","title":{"rendered":"\u2020 Dumitru Vitcu (1940-2025)"},"content":{"rendered":"<p><\/p>\n\n\n\n<p><strong>\u2020 Dumitru Vitcu (1940-2025)<\/strong><\/p>\n\n\n\n<p>\u201eNemilostiva lege a firii\u201d ne cere tuturor s\u0103 a\u0219tept\u0103m ceasul pentru a trece \u00een Lumea de Dincolo \u0219i \u00een istorie, de orice fel ar fi aceasta din urm\u0103: a familiei, a ora\u0219ului, a satului, a \u021binutului sau a \u021b\u0103rii. Alalt\u0103ieri, le-a p\u0103\u0219it pragul cercet\u0103torul, profesorul \u0219i academicianul, \u00eentr-un cuv\u00e2nt <strong>istoricul<\/strong>, Dumitru Vitcu.<\/p>\n\n\n\n<p>Istoricul Dumitru Vitcu a fost, o via\u021b\u0103 de om, cercet\u0103tor la Institutul de Istorie \u201eA. D. Xenopol\u201d al Academiei Rom\u00e2ne, unde a explorat modernitatea rom\u00e2neasc\u0103, secolul al XIX-lea mai ales, \u00eens\u0103 a cobor\u00e2t \u0219i \u00een veacul al XVIII-lea, pentru a ne aduce \u00een minte zgomotul ciocanelor t\u0103ietorilor de sare de la Tg. Ocna (<em>Istoria salinelor Moldovei \u00een epoca modern\u0103<\/em>), \u0219i a urcat \u00een secolul XX, pentru a ne aduce \u00een suflet sunetul viorii lui George Enescu, a\u0219a cum s-a auzit ea pe continentul nord-american (<em>George Enescu \u00een spa\u021biul artistic americano-canadian<\/em>). \u201eModernistul\u201d Dumitru Vitcu a publicat c\u0103r\u021bi \u0219i articole importante despre evenimente definitorii ale secolului al XIX-lea (Regulamentele Organice, Revolu\u021bia de la 1848, Unirea Principatelor Rom\u00e2ne, R\u0103zboiul de Independen\u021b\u0103 din 1877-1878, R\u0103scoala \u021b\u0103r\u0103neasc\u0103 din 1907) sau despre personalit\u0103\u021bi marcante ale marelui secol rom\u00e2nesc (Alexandru Ioan Cuza, Mihail Kog\u0103lniceanu, \u201eDiploma\u021bii Unirii\u201d &lt;Vasile Alecsandri, Costache Negri, Ion B\u0103l\u0103ceanu etc.&gt;, inginerul Carol Mihalic de Hodocin), precum \u0219i pagini de neocolit, multe dintre ele triste, din istoria social\u0103 a \u201elungului secol al XIX-lea\u201d (istoria evreilor, istoria \u021b\u0103r\u0103nimii). Totodat\u0103, apartenen\u021ba lui Dumitru Vitcu la \u201e\u0219coala istoriografic\u0103 ie\u0219ean\u0103\u201d este certificat\u0103 \u0219i de faptul c\u0103 a fost un remarcabil editor de documente, contribuind la editarea Regulamentului Organic al Moldovei, edit\u00e2nd izvoare statistice din prima jum\u0103tate a secolului al XIX-lea \u0219i un jurnal de r\u0103zboi al unei unit\u0103\u021bi militare habsburgice, care a desf\u0103\u0219urat opera\u021biuni \u00een Banat (1738). \u00centreaga sa oper\u0103 \u0219tiin\u021bific\u0103 poart\u0103 pecetea nout\u0103\u021bii, a pasiunii pentru cercetarea de arhiv\u0103 \u0219i a unei stil inconfundabil, clasic, dar nu lipsit de note ironice, ceea ce dovede\u0219te, o dat\u0103 \u00een plus, c\u0103 a fost un istoric des\u0103v\u00e2r\u0219it.<\/p>\n\n\n\n<p>Profesorul Dumitru Vitcu a fost unul dintre ctitorii Facult\u0103\u021bii de Istorie din cadrul Universit\u0103\u021bii \u201e\u0218tefan cel Mare\u201d din Suceava, unde a desf\u0103\u0219urat o excep\u021bional\u0103 activitate didactic\u0103 \u0219i a contribuit la formarea unei genera\u021bii de istorici, dintre care unii au devenit cadre didactice ale Facult\u0103\u021bii (Violeta Epure, Dinu B\u0103lan), \u0219i a fost, \u00een anii \u201990, \u00eentemeietor al Facult\u0103\u021bii de Istorie a Universit\u0103\u021bii \u201eMihail Kog\u0103lniceanu\u201d din Ia\u0219i. Din conjunc\u021bia celor dou\u0103 institu\u021bii, Institutul din Ia\u0219i \u0219i Facultatea din Suceava, a reie\u0219it, acum un deceniu \u0219i jum\u0103tate, un temeinic volum omagial, care i-a fost \u00eenchinat (<em>Slujind-o pe Clio. In honorem Dumitru Vitcu<\/em>), editat de un prieten (Mihai Iacobescu), de un coleg (Gheorghe Cliveti) \u0219i de un discipol (Dinu B\u0103lan).<\/p>\n\n\n\n<p>Pe l\u00e2ng\u0103 institu\u021bii de \u00eenv\u0103\u021b\u0103m\u00e2nt istoric, profesorul \u0219i cercet\u0103torul Dumitru a \u00eentemeiat, \u00eempreun\u0103 cu dl. dr. Silviu Sanie, cercet\u0103tor la Institutul de Arheologie din Ia\u0219i, \u0219i o revist\u0103 de \u00eenalt\u0103 \u021binut\u0103 \u0219tiin\u021bific\u0103, \u201eStudia et Acta Historiae Iudaeorum Romaniae\u201d (SAHIR). De asemenea, profesorul Dumitru Vitcu a colaborat \u00eendeaproape cu Facultatea de Istorie a Universit\u0103\u021bii \u201eAlexandru Ioan Cuza\u201d din Ia\u0219i, av\u00e2nd leg\u0103turi de prietenie cu profesorii ei (Ion Solcanu, Mihai Timofte, Ion Agrigoroaie, Ion Todera\u0219cu), sau chiar de rudenie spiritual\u0103 (Ioan Capro\u0219u), \u0219i particip\u00e2nd \u00een multe comisii de sus\u021binere a tezelor de doctorat, pentru actuali sau fo\u0219ti profesori ai Facult\u0103\u021bii (Cristian Ploscaru, Ionu\u021b Nistor sau Mihai-R\u0103zvan Ungureanu; Dumitru Vitcu, <em>Caleidoscop istoriografic. Note, observa\u021bii \u0219i sugestii doctorale<\/em>).<\/p>\n\n\n\n<p>Pentru bogata sa activitate de cercet\u0103tor \u0219tiin\u021bific \u0219i creator de \u0219coal\u0103 istoriografic\u0103, Dumitru Vitcu a fost cooptat \u00een prim\u0103vara acestui an \u00eentre membrii Academiei Rom\u00e2ne, ca membru de onoare la Sec\u021bia de Istorie \u0219i Arheologie, al c\u0103rei coordonator este acad. Victor Spinei, nel\u0103s\u00e2ndu-i-se r\u0103gaz, dup\u0103 cum se vede, s\u0103 se bucure \u00een tihn\u0103 de aceast\u0103 frumoas\u0103 \u00eencununare a carierei, \u00eens\u0103 numele \u00eei va r\u0103m\u00e2ne pentru totdeauna \u00eenscris printre \u201enemuritori\u201d.<\/p>\n\n\n\n<p>Cercet\u0103torul, profesorul \u0219i academicianul Dumitru Vitcu s-a n\u0103scut \u00een satul Ib\u0103ne\u0219ti, din fostul jude\u021b Dorohoi (ast\u0103zi, Boto\u0219ani), \u00eentr-o familie care a fost binecuv\u00e2ntat\u0103 cu trei feciori (Dionisie, Dumitru \u0219i Mihai). \u201eTrei, Doamne, \u0219i to\u021bi trei\u201d au f\u0103cut din nume neamului renume \u0219i au f\u0103cut ca numele satului de ba\u0219tin\u0103, Ib\u0103ne\u0219ti, s\u0103 fie aproape sinonim cu numele Vitcu! Dumitru Vitcu a fost elev al \u0219colii din sat, unde \u00eenv\u0103\u021b\u0103torii Arghir \u0219i Elena Nechifor au f\u0103cut adev\u0103rate minuni pentru multe genera\u021bii de elevi, \u0219i al Liceului \u201eGrigore Ghica voievod\u201d din Dorohoi (coleg cu istoricul Constantin Cojocariu de la S\u0103veni \u0219i cu jurnalistul Carol Cohn de la Londra), iar apoi student al Facult\u0103\u021bii de Istorie din Ia\u0219i (coleg cu profesorul Ion Todera\u0219cu) \u0219i doctor \u00een istorie al aceleia\u0219i Facult\u0103\u021bi, sub coordonarea profesorului Dimitrie Berlescu \u0219i a profesorului Constantin Cihodaru. La Institutul de Istorie \u201eA. D. Xenopol\u201d, Dumitru Vitcu a avut doi \u201emagi\u0219tri\u201d, istoricii Leonid Boicu \u0219i Constantin C. Angelescu, de memoria c\u0103rora se va \u00eengriji mai apoi, edit\u00e2ndu-le <em>Scrierile<\/em>, c\u00e2\u021biva prieteni \u0219i colegi apropia\u021bi (Dumitru Iv\u0103nescu, Adrian Macovei, Gabriel B\u0103d\u0103r\u0103u, Mihai-\u0218tefan Ceau\u0219u \u0219i C\u0103t\u0103lin Turliuc) \u0219i un model, acad. Alexandru Zub, c\u0103ruia i-a fost al\u0103turi, permanent \u0219i necondi\u021bionat, at\u00e2t \u0219tiin\u021bific (edit\u00e2ndu-i recent, \u00een 2023, volumul: <em>Studii \u0219i note de istorie ecleziastic\u0103<\/em>), c\u00e2t \u0219i uman, p\u00e2n\u0103 la acest din urm\u0103 vad.<\/p>\n\n\n\n<p>La fel ca \u0219i tat\u0103l s\u0103u, Gheorghe Vitcu, care a trudit, ca orice \u021b\u0103ran, p\u00e2n\u0103 spre clipa cea din urm\u0103 a vie\u021bii, cioplind \u201eciolane\u201d de ro\u021bi \u0219i tocuri de fereastr\u0103, Dumitru Vitcu a muncit cu neodihn\u0103 la \u00eenvierea \u201eciolanelor\u201d istoriei rom\u00e2ne\u0219ti \u0219i, din c\u00e2te se pare, la un volum de memorii, care, atunci c\u00e2nd se va publica, va fi o fereastr\u0103 c\u0103tre istoriografia rom\u00e2neasc\u0103 \u0219i c\u0103tre lumea istoricilor ie\u0219eni din ultimul veac, a\u0219a cum pu\u021bine, foarte pu\u021bine, sunt.<\/p>\n\n\n\n<p>\u00cenainte de a sf\u00e2r\u0219i acest ciot de aducere aminte, \u00eeng\u0103dui\u021bi-mi s\u0103 povestesc doar dou\u0103 amintiri, care m\u0103 leag\u0103 de profesorul Dumitru Vitcu, fie \u0219i pentru faptul c\u0103, la o simpl\u0103 c\u0103utare pe internet, \u0219i l\u00e2ng\u0103 numele meu apar satul Ib\u0103ne\u0219ti \u0219i Liceul \u201eGrigore Ghica\u201d din Dorohoi. Prima: una din primele c\u0103r\u021bi de istorie care mi-a fost d\u0103ruit\u0103, c\u00e2nd m\u0103 aflam \u00een primul an de liceu (d\u0103ruitorul se nume\u0219te Elvira Parasca, n\u0103scut\u0103 Adochi\u021bei) \u0219i pe care am purtat-o mereu cu mine, este <em>Diploma\u021bii Unirii<\/em>. A doua, pe care rememor\u00e2nd-o \u00eemi apare o lacrim\u0103 \u00een col\u021bul ochiului, s-a petrecut pe la \u00eenceputul lunii iulie 1987, c\u00e2nd tat\u0103l meu, trec\u00e2nd prin fa\u021ba casei mo\u0219ului Gheorghe a auzit o voce din ograd\u0103 (era glasul doamnei Reveca Vitcu, so\u021bia profesorului Dumitru Vitcu), spun\u00e2nd: \u201estai oleac\u0103, bade Costic\u0103, s\u0103-\u021bi spun c\u0103 \u021bi-a intrat b\u0103iatul la Facultate!\u201d Dup\u0103 aceea, valurile istoriei \u00eenvolbur\u00e2ndu-se, l-am cunoscut pe profesorul Dumitru Vitcu abia dup\u0103 vreo doi ani de la terminarea Facult\u0103\u021bii, prin mijlocirea domnilor profesori Ioan Capro\u0219u \u0219i Mihai Timofte (cel dint\u00e2i vorbindu-mi despre valoarea istoricului, iar cel de-al doilea despre talentul fotbalistului!), pentru ca de atunci p\u00e2n\u0103 mai ieri s\u0103 fiu onorat de discreta prietenie a istoricului Dumitru Vitcu, cu care am fost, pre\u021b de c\u00e2\u021biva ani, \u0219i coleg la Institutul de Istorie \u201eA. D. Xenopol\u201d.<\/p>\n\n\n\n<p>Acum, la sf\u00e2r\u0219itul drumului prin via\u021ba p\u0103m\u00e2nteasc\u0103 a profesorului Dumitru Vitcu \u0219i la \u00eenceputul c\u0103ii f\u0103r\u0103 de sf\u00e2r\u0219it, f\u0103g\u0103duiesc s\u0103-mi pl\u0103tesc o datorie veche fa\u021b\u0103 de Domnia Sa, \u0219i s\u0103 continui studiul \u00eenchinat satului nostru, care \u00eei era at\u00e2t de drag, acolo unde l-am l\u0103sat \u00een 2010, lucrare la care poate se vor asocia \u0219i trei tineri doctori \u00een istorie, cons\u0103teni cu noi, Alina-C\u0103t\u0103lina Ib\u0103nescu, Daniel Filip-Afloarei \u0219i Andrei-Octavian Vitcu. &nbsp;<\/p>\n\n\n\n<p>Dumnezeu s\u0103-l odihneasc\u0103 pe cercet\u0103torul, profesorul \u0219i academicianul Dumitru Vitcu \u0219i s\u0103 aline durerea familiei!<\/p>\n\n\n\n<p class=\"has-text-align-right\">Petronel Zahariuc<\/p>","protected":false},"excerpt":{"rendered":"<p>\u2020 Dumitru Vitcu (1940-2025) \u201eNemilostiva lege a firii\u201d ne cere tuturor s\u0103 a\u0219tept\u0103m ceasul pentru a trece \u00een Lumea de Dincolo \u0219i \u00een istorie, de orice fel ar fi aceasta din urm\u0103: a familiei, a ora\u0219ului, a satului, a \u021binutului sau a \u021b\u0103rii. Alalt\u0103ieri, le-a p\u0103\u0219it pragul cercet\u0103torul, profesorul \u0219i academicianul, \u00eentr-un cuv\u00e2nt istoricul, Dumitru [&hellip;]<\/p>\n","protected":false},"author":1,"featured_media":4797,"parent":0,"menu_order":0,"comment_status":"closed","ping_status":"closed","template":"","meta":{"site-sidebar-layout":"default","site-content-layout":"","ast-site-content-layout":"default","site-content-style":"default","site-sidebar-style":"default","ast-global-header-display":"","ast-banner-title-visibility":"","ast-main-header-display":"","ast-hfb-above-header-display":"","ast-hfb-below-header-display":"","ast-hfb-mobile-header-display":"","site-post-title":"","ast-breadcrumbs-content":"","ast-featured-img":"","footer-sml-layout":"","ast-disable-related-posts":"","theme-transparent-header-meta":"","adv-header-id-meta":"","stick-header-meta":"","header-above-stick-meta":"","header-main-stick-meta":"","header-below-stick-meta":"","astra-migrate-meta-layouts":"set","ast-page-background-enabled":"default","ast-page-background-meta":{"desktop":{"background-color":"","background-image":"","background-repeat":"repeat","background-position":"center center","background-size":"auto","background-attachment":"scroll","background-type":"","background-media":"","overlay-type":"","overlay-color":"","overlay-opacity":"","overlay-gradient":""},"tablet":{"background-color":"","background-image":"","background-repeat":"repeat","background-position":"center center","background-size":"auto","background-attachment":"scroll","background-type":"","background-media":"","overlay-type":"","overlay-color":"","overlay-opacity":"","overlay-gradient":""},"mobile":{"background-color":"","background-image":"","background-repeat":"repeat","background-position":"center center","background-size":"auto","background-attachment":"scroll","background-type":"","background-media":"","overlay-type":"","overlay-color":"","overlay-opacity":"","overlay-gradient":""}},"ast-content-background-meta":{"desktop":{"background-color":"var(--ast-global-color-5)","background-image":"","background-repeat":"repeat","background-position":"center center","background-size":"auto","background-attachment":"scroll","background-type":"","background-media":"","overlay-type":"","overlay-color":"","overlay-opacity":"","overlay-gradient":""},"tablet":{"background-color":"var(--ast-global-color-5)","background-image":"","background-repeat":"repeat","background-position":"center center","background-size":"auto","background-attachment":"scroll","background-type":"","background-media":"","overlay-type":"","overlay-color":"","overlay-opacity":"","overlay-gradient":""},"mobile":{"background-color":"var(--ast-global-color-5)","background-image":"","background-repeat":"repeat","background-position":"center center","background-size":"auto","background-attachment":"scroll","background-type":"","background-media":"","overlay-type":"","overlay-color":"","overlay-opacity":"","overlay-gradient":""}},"footnotes":""},"class_list":["post-4796","page","type-page","status-publish","has-post-thumbnail","hentry"],"yoast_head":"<!-- This site is optimized with the Yoast SEO plugin v27.4 - https:\/\/yoast.com\/product\/yoast-seo-wordpress\/ -->\n<title>\u2020 Dumitru Vitcu (1940-2025) - Institutul de Istorie \u201eA. D. Xenopol\u201d<\/title>\n<meta name=\"description\" content=\"Dumitru Vitcu\" \/>\n<meta name=\"robots\" content=\"index, follow, max-snippet:-1, max-image-preview:large, max-video-preview:-1\" \/>\n<link rel=\"canonical\" href=\"https:\/\/institutulxenopol.ro\/en\/dumitru-vitcu-1940-2025\/\" \/>\n<meta property=\"og:locale\" content=\"en_US\" \/>\n<meta property=\"og:type\" content=\"article\" \/>\n<meta property=\"og:title\" content=\"\u2020 Dumitru Vitcu (1940-2025) - Institutul de Istorie \u201eA. D. Xenopol\u201d\" \/>\n<meta property=\"og:description\" content=\"Dumitru Vitcu\" \/>\n<meta property=\"og:url\" content=\"https:\/\/institutulxenopol.ro\/en\/dumitru-vitcu-1940-2025\/\" \/>\n<meta property=\"og:site_name\" content=\"Institutul de Istorie \u201eA. D. Xenopol\u201d\" \/>\n<meta property=\"article:publisher\" content=\"https:\/\/www.facebook.com\/profile.php?id=61559258097917\" \/>\n<meta property=\"article:modified_time\" content=\"2025-11-16T16:03:59+00:00\" \/>\n<meta property=\"og:image\" content=\"https:\/\/institutulxenopol.ro\/wp-content\/uploads\/2025\/11\/Dumitru-Vitcu.jpg\" \/>\n\t<meta property=\"og:image:width\" content=\"555\" \/>\n\t<meta property=\"og:image:height\" content=\"575\" \/>\n\t<meta property=\"og:image:type\" content=\"image\/jpeg\" \/>\n<script type=\"application\/ld+json\" class=\"yoast-schema-graph\">{\"@context\":\"https:\\\/\\\/schema.org\",\"@graph\":[{\"@type\":\"WebPage\",\"@id\":\"https:\\\/\\\/institutulxenopol.ro\\\/dumitru-vitcu-1940-2025\\\/\",\"url\":\"https:\\\/\\\/institutulxenopol.ro\\\/dumitru-vitcu-1940-2025\\\/\",\"name\":\"\u2020 Dumitru Vitcu (1940-2025) - Institutul de Istorie \u201eA. D. Xenopol\u201d\",\"isPartOf\":{\"@id\":\"https:\\\/\\\/institutulxenopol.ro\\\/#website\"},\"primaryImageOfPage\":{\"@id\":\"https:\\\/\\\/institutulxenopol.ro\\\/dumitru-vitcu-1940-2025\\\/#primaryimage\"},\"image\":{\"@id\":\"https:\\\/\\\/institutulxenopol.ro\\\/dumitru-vitcu-1940-2025\\\/#primaryimage\"},\"thumbnailUrl\":\"https:\\\/\\\/institutulxenopol.ro\\\/wp-content\\\/uploads\\\/2025\\\/11\\\/Dumitru-Vitcu.jpg\",\"datePublished\":\"2025-11-16T16:00:08+00:00\",\"dateModified\":\"2025-11-16T16:03:59+00:00\",\"description\":\"Dumitru Vitcu\",\"breadcrumb\":{\"@id\":\"https:\\\/\\\/institutulxenopol.ro\\\/dumitru-vitcu-1940-2025\\\/#breadcrumb\"},\"inLanguage\":\"en-US\",\"potentialAction\":[{\"@type\":\"ReadAction\",\"target\":[\"https:\\\/\\\/institutulxenopol.ro\\\/dumitru-vitcu-1940-2025\\\/\"]}]},{\"@type\":\"ImageObject\",\"inLanguage\":\"en-US\",\"@id\":\"https:\\\/\\\/institutulxenopol.ro\\\/dumitru-vitcu-1940-2025\\\/#primaryimage\",\"url\":\"https:\\\/\\\/institutulxenopol.ro\\\/wp-content\\\/uploads\\\/2025\\\/11\\\/Dumitru-Vitcu.jpg\",\"contentUrl\":\"https:\\\/\\\/institutulxenopol.ro\\\/wp-content\\\/uploads\\\/2025\\\/11\\\/Dumitru-Vitcu.jpg\",\"width\":555,\"height\":575},{\"@type\":\"BreadcrumbList\",\"@id\":\"https:\\\/\\\/institutulxenopol.ro\\\/dumitru-vitcu-1940-2025\\\/#breadcrumb\",\"itemListElement\":[{\"@type\":\"ListItem\",\"position\":1,\"name\":\"Prima pagin\u0103\",\"item\":\"https:\\\/\\\/institutulxenopol.ro\\\/\"},{\"@type\":\"ListItem\",\"position\":2,\"name\":\"\u2020 Dumitru Vitcu (1940-2025)\"}]},{\"@type\":\"WebSite\",\"@id\":\"https:\\\/\\\/institutulxenopol.ro\\\/#website\",\"url\":\"https:\\\/\\\/institutulxenopol.ro\\\/\",\"name\":\"Institutul de Istorie \u201eA. D. Xenopol\u201d Ia\u0219i\",\"description\":\"Academia Rom\u00e2n\u0103 - Filiala Ia\u0219i\",\"publisher\":{\"@id\":\"https:\\\/\\\/institutulxenopol.ro\\\/#organization\"},\"potentialAction\":[{\"@type\":\"SearchAction\",\"target\":{\"@type\":\"EntryPoint\",\"urlTemplate\":\"https:\\\/\\\/institutulxenopol.ro\\\/?s={search_term_string}\"},\"query-input\":{\"@type\":\"PropertyValueSpecification\",\"valueRequired\":true,\"valueName\":\"search_term_string\"}}],\"inLanguage\":\"en-US\"},{\"@type\":\"Organization\",\"@id\":\"https:\\\/\\\/institutulxenopol.ro\\\/#organization\",\"name\":\"Institutul de Istorie \u201eA. D. Xenopol\u201d Ia\u0219i\",\"url\":\"https:\\\/\\\/institutulxenopol.ro\\\/\",\"logo\":{\"@type\":\"ImageObject\",\"inLanguage\":\"en-US\",\"@id\":\"https:\\\/\\\/institutulxenopol.ro\\\/#\\\/schema\\\/logo\\\/image\\\/\",\"url\":\"https:\\\/\\\/institutulxenopol.ro\\\/wp-content\\\/uploads\\\/2025\\\/10\\\/logo-institut-black-e1761148345490.png\",\"contentUrl\":\"https:\\\/\\\/institutulxenopol.ro\\\/wp-content\\\/uploads\\\/2025\\\/10\\\/logo-institut-black-e1761148345490.png\",\"width\":432,\"height\":164,\"caption\":\"Institutul de Istorie \u201eA. D. Xenopol\u201d Ia\u0219i\"},\"image\":{\"@id\":\"https:\\\/\\\/institutulxenopol.ro\\\/#\\\/schema\\\/logo\\\/image\\\/\"},\"sameAs\":[\"https:\\\/\\\/www.facebook.com\\\/profile.php?id=61559258097917\"]}]}<\/script>\n<!-- \/ Yoast SEO plugin. -->","yoast_head_json":{"title":"\u2020 Dumitru Vitcu (1940-2025) - Institutul de Istorie \u201eA. D. Xenopol\u201d","description":"Dumitru Vitcu","robots":{"index":"index","follow":"follow","max-snippet":"max-snippet:-1","max-image-preview":"max-image-preview:large","max-video-preview":"max-video-preview:-1"},"canonical":"https:\/\/institutulxenopol.ro\/en\/dumitru-vitcu-1940-2025\/","og_locale":"en_US","og_type":"article","og_title":"\u2020 Dumitru Vitcu (1940-2025) - Institutul de Istorie \u201eA. D. Xenopol\u201d","og_description":"Dumitru Vitcu","og_url":"https:\/\/institutulxenopol.ro\/en\/dumitru-vitcu-1940-2025\/","og_site_name":"Institutul de Istorie \u201eA. D. Xenopol\u201d","article_publisher":"https:\/\/www.facebook.com\/profile.php?id=61559258097917","article_modified_time":"2025-11-16T16:03:59+00:00","og_image":[{"width":555,"height":575,"url":"https:\/\/institutulxenopol.ro\/wp-content\/uploads\/2025\/11\/Dumitru-Vitcu.jpg","type":"image\/jpeg"}],"schema":{"@context":"https:\/\/schema.org","@graph":[{"@type":"WebPage","@id":"https:\/\/institutulxenopol.ro\/dumitru-vitcu-1940-2025\/","url":"https:\/\/institutulxenopol.ro\/dumitru-vitcu-1940-2025\/","name":"\u2020 Dumitru Vitcu (1940-2025) - Institutul de Istorie \u201eA. D. Xenopol\u201d","isPartOf":{"@id":"https:\/\/institutulxenopol.ro\/#website"},"primaryImageOfPage":{"@id":"https:\/\/institutulxenopol.ro\/dumitru-vitcu-1940-2025\/#primaryimage"},"image":{"@id":"https:\/\/institutulxenopol.ro\/dumitru-vitcu-1940-2025\/#primaryimage"},"thumbnailUrl":"https:\/\/institutulxenopol.ro\/wp-content\/uploads\/2025\/11\/Dumitru-Vitcu.jpg","datePublished":"2025-11-16T16:00:08+00:00","dateModified":"2025-11-16T16:03:59+00:00","description":"Dumitru Vitcu","breadcrumb":{"@id":"https:\/\/institutulxenopol.ro\/dumitru-vitcu-1940-2025\/#breadcrumb"},"inLanguage":"en-US","potentialAction":[{"@type":"ReadAction","target":["https:\/\/institutulxenopol.ro\/dumitru-vitcu-1940-2025\/"]}]},{"@type":"ImageObject","inLanguage":"en-US","@id":"https:\/\/institutulxenopol.ro\/dumitru-vitcu-1940-2025\/#primaryimage","url":"https:\/\/institutulxenopol.ro\/wp-content\/uploads\/2025\/11\/Dumitru-Vitcu.jpg","contentUrl":"https:\/\/institutulxenopol.ro\/wp-content\/uploads\/2025\/11\/Dumitru-Vitcu.jpg","width":555,"height":575},{"@type":"BreadcrumbList","@id":"https:\/\/institutulxenopol.ro\/dumitru-vitcu-1940-2025\/#breadcrumb","itemListElement":[{"@type":"ListItem","position":1,"name":"Prima pagin\u0103","item":"https:\/\/institutulxenopol.ro\/"},{"@type":"ListItem","position":2,"name":"\u2020 Dumitru Vitcu (1940-2025)"}]},{"@type":"WebSite","@id":"https:\/\/institutulxenopol.ro\/#website","url":"https:\/\/institutulxenopol.ro\/","name":"Institutul de Istorie \u201eA. D. Xenopol\u201d Ia\u0219i","description":"Academia Rom\u00e2n\u0103 - Filiala Ia\u0219i","publisher":{"@id":"https:\/\/institutulxenopol.ro\/#organization"},"potentialAction":[{"@type":"SearchAction","target":{"@type":"EntryPoint","urlTemplate":"https:\/\/institutulxenopol.ro\/?s={search_term_string}"},"query-input":{"@type":"PropertyValueSpecification","valueRequired":true,"valueName":"search_term_string"}}],"inLanguage":"en-US"},{"@type":"Organization","@id":"https:\/\/institutulxenopol.ro\/#organization","name":"Institutul de Istorie \u201eA. D. Xenopol\u201d Ia\u0219i","url":"https:\/\/institutulxenopol.ro\/","logo":{"@type":"ImageObject","inLanguage":"en-US","@id":"https:\/\/institutulxenopol.ro\/#\/schema\/logo\/image\/","url":"https:\/\/institutulxenopol.ro\/wp-content\/uploads\/2025\/10\/logo-institut-black-e1761148345490.png","contentUrl":"https:\/\/institutulxenopol.ro\/wp-content\/uploads\/2025\/10\/logo-institut-black-e1761148345490.png","width":432,"height":164,"caption":"Institutul de Istorie \u201eA. D. Xenopol\u201d Ia\u0219i"},"image":{"@id":"https:\/\/institutulxenopol.ro\/#\/schema\/logo\/image\/"},"sameAs":["https:\/\/www.facebook.com\/profile.php?id=61559258097917"]}]}},"_links":{"self":[{"href":"https:\/\/institutulxenopol.ro\/en\/wp-json\/wp\/v2\/pages\/4796","targetHints":{"allow":["GET"]}}],"collection":[{"href":"https:\/\/institutulxenopol.ro\/en\/wp-json\/wp\/v2\/pages"}],"about":[{"href":"https:\/\/institutulxenopol.ro\/en\/wp-json\/wp\/v2\/types\/page"}],"author":[{"embeddable":true,"href":"https:\/\/institutulxenopol.ro\/en\/wp-json\/wp\/v2\/users\/1"}],"replies":[{"embeddable":true,"href":"https:\/\/institutulxenopol.ro\/en\/wp-json\/wp\/v2\/comments?post=4796"}],"version-history":[{"count":4,"href":"https:\/\/institutulxenopol.ro\/en\/wp-json\/wp\/v2\/pages\/4796\/revisions"}],"predecessor-version":[{"id":4802,"href":"https:\/\/institutulxenopol.ro\/en\/wp-json\/wp\/v2\/pages\/4796\/revisions\/4802"}],"wp:featuredmedia":[{"embeddable":true,"href":"https:\/\/institutulxenopol.ro\/en\/wp-json\/wp\/v2\/media\/4797"}],"wp:attachment":[{"href":"https:\/\/institutulxenopol.ro\/en\/wp-json\/wp\/v2\/media?parent=4796"}],"curies":[{"name":"wp","href":"https:\/\/api.w.org\/{rel}","templated":true}]}}