{"id":2662,"date":"2025-10-16T00:23:39","date_gmt":"2025-10-15T21:23:39","guid":{"rendered":"https:\/\/institutulxenopol.ro\/?page_id=2662"},"modified":"2025-11-10T12:17:53","modified_gmt":"2025-11-10T09:17:53","slug":"biblioteca","status":"publish","type":"page","link":"https:\/\/institutulxenopol.ro\/en\/biblioteca\/","title":{"rendered":"Library"},"content":{"rendered":"<div data-elementor-type=\"wp-page\" data-elementor-id=\"2662\" class=\"elementor elementor-2662\">\n\t\t\t\t<div class=\"elementor-element elementor-element-511251f1 e-flex e-con-boxed e-con e-parent\" data-id=\"511251f1\" data-element_type=\"container\" data-e-type=\"container\" data-settings=\"{&quot;background_background&quot;:&quot;classic&quot;}\">\n\t\t\t\t\t<div class=\"e-con-inner\">\n\t\t<div class=\"elementor-element elementor-element-422227c4 e-con-full e-flex e-con e-child\" data-id=\"422227c4\" data-element_type=\"container\" data-e-type=\"container\">\n\t\t\t\t<div class=\"elementor-element elementor-element-dc1c29e elementor-widget-divider--view-line elementor-widget elementor-widget-divider\" data-id=\"dc1c29e\" data-element_type=\"widget\" data-e-type=\"widget\" data-widget_type=\"divider.default\">\n\t\t\t\t\t\t\t<div class=\"elementor-divider\">\n\t\t\t<span class=\"elementor-divider-separator\">\n\t\t\t\t\t\t<\/span>\n\t\t<\/div>\n\t\t\t\t\t\t<\/div>\n\t\t\t\t<div class=\"elementor-element elementor-element-55dc082b elementor-widget elementor-widget-heading\" data-id=\"55dc082b\" data-element_type=\"widget\" data-e-type=\"widget\" data-widget_type=\"heading.default\">\n\t\t\t\t\t<h1 class=\"elementor-heading-title elementor-size-default\">Library<\/h1>\t\t\t\t<\/div>\n\t\t\t\t<\/div>\n\t\t\t\t\t<\/div>\n\t\t\t\t<\/div>\n\t\t<div class=\"elementor-element elementor-element-1abe8da2 e-flex e-con-boxed e-con e-parent\" data-id=\"1abe8da2\" data-element_type=\"container\" data-e-type=\"container\">\n\t\t\t\t\t<div class=\"e-con-inner\">\n\t\t<div class=\"elementor-element elementor-element-3f97dfd2 e-con-full e-flex e-con e-child\" data-id=\"3f97dfd2\" data-element_type=\"container\" data-e-type=\"container\">\n\t\t\t\t<div class=\"elementor-element elementor-element-3f601fc4 elementor-widget elementor-widget-text-editor\" data-id=\"3f601fc4\" data-element_type=\"widget\" data-e-type=\"widget\" data-widget_type=\"text-editor.default\">\n\t\t\t\t\t\t\t\t\t<p>Biblioteca este destinat\u0103 s\u0103 sprijine \u00een primul r\u00e2nd activitatea \u015ftiin\u0163ific\u0103 a cercet\u0103torilor din Institut, nefiind o bibliotec\u0103 public\u0103. Cu toate acestea, de\u015fi dispune de un personal de deservire foarte redus (un bibliotecar cu studii superioare), cu acordul conducerii Institutului, ea este deschis\u0103 cadrelor didactice universitare \u015fi studen\u0163ilor, iar uneori, \u00een mod excep\u0163ional, \u015fi pentru alte persoane interesate s\u0103 consulte fondul de carte al Institutului.<\/p>\t\t\t\t\t\t\t\t<\/div>\n\t\t\t\t<div class=\"elementor-element elementor-element-b46b663 elementor-widget elementor-widget-text-editor\" data-id=\"b46b663\" data-element_type=\"widget\" data-e-type=\"widget\" data-widget_type=\"text-editor.default\">\n\t\t\t\t\t\t\t\t\t<p>Fondul de carte apar\u0163in\u0103tor Bibliotecii Institutului &#8222;A. D. Xenopol&#8221; a cunoscut o diminuare sensibil\u0103, at\u00e2t ca urmare a reorganiz\u0103rii Institutului \u00een 1990, c\u00e2nd lucr\u0103rile de istorie veche \u015fi arheologie au fost transferate bibliotecii Institutului de Arheologie, c\u00e2t \u015fi prin preluarea unui num\u0103r de lucr\u0103ri de c\u0103tre biblioteca Centrului de Studii \u015fi Civiliza\u0163ie European\u0103 din Ia\u015fi, odat\u0103 cu plecarea la acest centru a unor membrii ai Institutului, la finele anului 1991 \u015fi \u00eenceputul lui 1992. Diminu\u0103rile nu au putut fi acoperite, \u00een totalitate, prin achizi\u0163ii de carte, date fiind fondurile mici pe care le-a primit Institutul &#8222;A. D. Xenopol&#8221; pentru acest scop, \u00een toat\u0103 aceast\u0103 perioad\u0103. Ca urmare, la finele anului 2008, fondul de carte \u00eensuma peste 50.000 de titluri de carte \u015fi peste 900 de titluri de reviste, cu mai multe mii de volume.<\/p>\t\t\t\t\t\t\t\t<\/div>\n\t\t\t\t<div class=\"elementor-element elementor-element-3d0e787 elementor-widget elementor-widget-text-editor\" data-id=\"3d0e787\" data-element_type=\"widget\" data-e-type=\"widget\" data-widget_type=\"text-editor.default\">\n\t\t\t\t\t\t\t\t\t<p>Biblioteca Institutului este cercetat\u0103 de cititori proveni\u0163i din mediul academic (cercet\u0103tori, cadre didactice universitare, studen\u0163i), at\u00e2t de la Facultatea de Istorie a Universit\u0103\u0163ii &#8222;Al. I. Cuza&#8221; sau de la unele universit\u0103\u0163i particulare din Ia\u015fi, c\u00e2t \u015fi din diverse alte medii.<\/p>\t\t\t\t\t\t\t\t<\/div>\n\t\t\t\t<div class=\"elementor-element elementor-element-af4ad98 elementor-widget elementor-widget-text-editor\" data-id=\"af4ad98\" data-element_type=\"widget\" data-e-type=\"widget\" data-widget_type=\"text-editor.default\">\n\t\t\t\t\t\t\t\t\t<p>Pentru nevoile de informare a cititorilor, biblioteca dispune de un catalog alfabetic pentru c\u0103r\u0163i \u015fi periodice, precum \u015fi de un catalog tematic, care se afl\u0103 \u00eenc\u0103 \u00een lucru.<\/p><p>Email: biblioteca_istorie_xenopol@yahoo.com<\/p>\t\t\t\t\t\t\t\t<\/div>\n\t\t\t\t<div class=\"elementor-element elementor-element-f60d339 elementor-widget elementor-widget-text-editor\" data-id=\"f60d339\" data-element_type=\"widget\" data-e-type=\"widget\" data-widget_type=\"text-editor.default\">\n\t\t\t\t\t\t\t\t\t<h3><a href=\"http:\/\/85.186.121.42:8991\/F?RN=175818451\" target=\"_blank\" rel=\"noopener\">Catalog on-line<\/a><\/h3>\t\t\t\t\t\t\t\t<\/div>\n\t\t\t\t<\/div>\n\t\t\t\t\t<\/div>\n\t\t\t\t<\/div>\n\t\t<div class=\"elementor-element elementor-element-fb64480 e-flex e-con-boxed e-con e-parent\" data-id=\"fb64480\" data-element_type=\"container\" data-e-type=\"container\">\n\t\t\t\t\t<div class=\"e-con-inner\">\n\t\t\t\t\t\t\t<div data-eael_duration=\"{&quot;transitionDuration&quot;:1000}\" data-eael_easing=\"{&quot;transitionEasing&quot;:&quot;ease&quot;}\" data-eael_hover_duration=\"{&quot;transitionDuration&quot;:1000}\" data-eael_hover_easing=\"{&quot;transitionEasing&quot;:&quot;ease&quot;}\" class=\"eael_hover_effect elementor-element elementor-element-961db95 elementor-arrows-position-inside elementor-widget elementor-widget-image-carousel\" data-id=\"961db95\" data-element_type=\"widget\" data-e-type=\"widget\" data-settings=\"{&quot;navigation&quot;:&quot;arrows&quot;,&quot;autoplay&quot;:&quot;yes&quot;,&quot;pause_on_hover&quot;:&quot;yes&quot;,&quot;pause_on_interaction&quot;:&quot;yes&quot;,&quot;autoplay_speed&quot;:5000,&quot;infinite&quot;:&quot;yes&quot;,&quot;speed&quot;:500,&quot;eael_hover_effect_general_settings_easing&quot;:&quot;ease&quot;,&quot;eael_hover_effect_general_settings_hover_easing&quot;:&quot;ease&quot;}\" data-widget_type=\"image-carousel.default\">\n\t\t\t\t\t\t\t<div class=\"elementor-image-carousel-wrapper swiper\" role=\"region\" aria-roledescription=\"carousel\" aria-label=\"Carusel de imagini\" dir=\"ltr\">\n\t\t\t<div class=\"elementor-image-carousel swiper-wrapper\" aria-live=\"off\">\n\t\t\t\t\t\t\t\t<div class=\"swiper-slide\" role=\"group\" aria-roledescription=\"slide\" aria-label=\"1 of 3\"><a data-elementor-open-lightbox=\"yes\" data-elementor-lightbox-slideshow=\"961db95\" data-e-action-hash=\"#elementor-action%3Aaction%3Dlightbox%26settings%3DeyJpZCI6MzgzOSwidXJsIjoiaHR0cHM6XC9cL2luc3RpdHV0dWx4ZW5vcG9sLnJvXC93cC1jb250ZW50XC91cGxvYWRzXC8yMDI1XC8xMFwvYmlibGlvdGVjYTMuanBlZyIsInNsaWRlc2hvdyI6Ijk2MWRiOTUifQ%3D%3D\" href=\"https:\/\/institutulxenopol.ro\/wp-content\/uploads\/2025\/10\/biblioteca3.jpeg\"><figure class=\"swiper-slide-inner\"><img decoding=\"async\" class=\"swiper-slide-image\" src=\"https:\/\/institutulxenopol.ro\/wp-content\/uploads\/2025\/10\/biblioteca3.jpeg\" alt=\"biblioteca3\" \/><\/figure><\/a><\/div><div class=\"swiper-slide\" role=\"group\" aria-roledescription=\"slide\" aria-label=\"2 of 3\"><a data-elementor-open-lightbox=\"yes\" data-elementor-lightbox-slideshow=\"961db95\" data-e-action-hash=\"#elementor-action%3Aaction%3Dlightbox%26settings%3DeyJpZCI6Mzg0MCwidXJsIjoiaHR0cHM6XC9cL2luc3RpdHV0dWx4ZW5vcG9sLnJvXC93cC1jb250ZW50XC91cGxvYWRzXC8yMDI1XC8xMFwvYmlibGlvdGVjYTItZTE3NjExNTkwNTA5MDYuanBlZyIsInNsaWRlc2hvdyI6Ijk2MWRiOTUifQ%3D%3D\" href=\"https:\/\/institutulxenopol.ro\/wp-content\/uploads\/2025\/10\/biblioteca2-e1761159050906.jpeg\"><figure class=\"swiper-slide-inner\"><img decoding=\"async\" class=\"swiper-slide-image\" src=\"https:\/\/institutulxenopol.ro\/wp-content\/uploads\/2025\/10\/biblioteca2-e1761159050906.jpeg\" alt=\"biblioteca2\" \/><\/figure><\/a><\/div><div class=\"swiper-slide\" role=\"group\" aria-roledescription=\"slide\" aria-label=\"3 of 3\"><a data-elementor-open-lightbox=\"yes\" data-elementor-lightbox-slideshow=\"961db95\" data-e-action-hash=\"#elementor-action%3Aaction%3Dlightbox%26settings%3DeyJpZCI6Mzg0MSwidXJsIjoiaHR0cHM6XC9cL2luc3RpdHV0dWx4ZW5vcG9sLnJvXC93cC1jb250ZW50XC91cGxvYWRzXC8yMDI1XC8xMFwvYmlibGlvdGVjYTEuanBlZyIsInNsaWRlc2hvdyI6Ijk2MWRiOTUifQ%3D%3D\" href=\"https:\/\/institutulxenopol.ro\/wp-content\/uploads\/2025\/10\/biblioteca1.jpeg\"><figure class=\"swiper-slide-inner\"><img decoding=\"async\" class=\"swiper-slide-image\" src=\"https:\/\/institutulxenopol.ro\/wp-content\/uploads\/2025\/10\/biblioteca1.jpeg\" alt=\"biblioteca1\" \/><\/figure><\/a><\/div>\t\t\t<\/div>\n\t\t\t\t\t\t\t\t\t\t\t\t<div class=\"elementor-swiper-button elementor-swiper-button-prev\" role=\"button\" tabindex=\"0\">\n\t\t\t\t\t\t<svg aria-hidden=\"true\" class=\"e-font-icon-svg e-eicon-chevron-left\" viewbox=\"0 0 1000 1000\" xmlns=\"http:\/\/www.w3.org\/2000\/svg\"><path d=\"M646 125C629 125 613 133 604 142L308 442C296 454 292 471 292 487 292 504 296 521 308 533L604 854C617 867 629 875 646 875 663 875 679 871 692 858 704 846 713 829 713 812 713 796 708 779 692 767L438 487 692 225C700 217 708 204 708 187 708 171 704 154 692 142 675 129 663 125 646 125Z\"><\/path><\/svg>\t\t\t\t\t<\/div>\n\t\t\t\t\t<div class=\"elementor-swiper-button elementor-swiper-button-next\" role=\"button\" tabindex=\"0\">\n\t\t\t\t\t\t<svg aria-hidden=\"true\" class=\"e-font-icon-svg e-eicon-chevron-right\" viewbox=\"0 0 1000 1000\" xmlns=\"http:\/\/www.w3.org\/2000\/svg\"><path d=\"M696 533C708 521 713 504 713 487 713 471 708 454 696 446L400 146C388 133 375 125 354 125 338 125 325 129 313 142 300 154 292 171 292 187 292 204 296 221 308 233L563 492 304 771C292 783 288 800 288 817 288 833 296 850 308 863 321 871 338 875 354 875 371 875 388 867 400 854L696 533Z\"><\/path><\/svg>\t\t\t\t\t<\/div>\n\t\t\t\t\n\t\t\t\t\t\t\t\t\t<\/div>\n\t\t\t\t\t\t<\/div>\n\t\t\t\t\t<\/div>\n\t\t\t\t<\/div>\n\t\t\t\t<\/div>","protected":false},"excerpt":{"rendered":"<p>Bibliotec\u0103 Biblioteca este destinat\u0103 s\u0103 sprijine \u00een primul r\u00e2nd activitatea \u015ftiin\u0163ific\u0103 a cercet\u0103torilor din Institut, nefiind o bibliotec\u0103 public\u0103. Cu toate acestea, de\u015fi dispune de un personal de deservire foarte redus (un bibliotecar cu studii superioare), cu acordul conducerii Institutului, ea este deschis\u0103 cadrelor didactice universitare \u015fi studen\u0163ilor, iar uneori, \u00een mod excep\u0163ional, \u015fi pentru [&hellip;]<\/p>\n","protected":false},"author":1,"featured_media":0,"parent":0,"menu_order":0,"comment_status":"closed","ping_status":"closed","template":"","meta":{"site-sidebar-layout":"no-sidebar","site-content-layout":"page-builder","ast-site-content-layout":"full-width-container","site-content-style":"default","site-sidebar-style":"default","ast-global-header-display":"","ast-banner-title-visibility":"","ast-main-header-display":"","ast-hfb-above-header-display":"","ast-hfb-below-header-display":"","ast-hfb-mobile-header-display":"","site-post-title":"","ast-breadcrumbs-content":"","ast-featured-img":"disabled","footer-sml-layout":"","ast-disable-related-posts":"","theme-transparent-header-meta":"","adv-header-id-meta":"","stick-header-meta":"","header-above-stick-meta":"","header-main-stick-meta":"","header-below-stick-meta":"","astra-migrate-meta-layouts":"set","ast-page-background-enabled":"default","ast-page-background-meta":{"desktop":{"background-color":"","background-image":"","background-repeat":"repeat","background-position":"center center","background-size":"auto","background-attachment":"scroll","background-type":"","background-media":"","overlay-type":"","overlay-color":"","overlay-opacity":"","overlay-gradient":""},"tablet":{"background-color":"","background-image":"","background-repeat":"repeat","background-position":"center center","background-size":"auto","background-attachment":"scroll","background-type":"","background-media":"","overlay-type":"","overlay-color":"","overlay-opacity":"","overlay-gradient":""},"mobile":{"background-color":"","background-image":"","background-repeat":"repeat","background-position":"center center","background-size":"auto","background-attachment":"scroll","background-type":"","background-media":"","overlay-type":"","overlay-color":"","overlay-opacity":"","overlay-gradient":""}},"ast-content-background-meta":{"desktop":{"background-color":"var(--ast-global-color-5)","background-image":"","background-repeat":"repeat","background-position":"center center","background-size":"auto","background-attachment":"scroll","background-type":"","background-media":"","overlay-type":"","overlay-color":"","overlay-opacity":"","overlay-gradient":""},"tablet":{"background-color":"var(--ast-global-color-5)","background-image":"","background-repeat":"repeat","background-position":"center center","background-size":"auto","background-attachment":"scroll","background-type":"","background-media":"","overlay-type":"","overlay-color":"","overlay-opacity":"","overlay-gradient":""},"mobile":{"background-color":"var(--ast-global-color-5)","background-image":"","background-repeat":"repeat","background-position":"center center","background-size":"auto","background-attachment":"scroll","background-type":"","background-media":"","overlay-type":"","overlay-color":"","overlay-opacity":"","overlay-gradient":""}},"footnotes":""},"class_list":["post-2662","page","type-page","status-publish","hentry"],"yoast_head":"<!-- This site is optimized with the Yoast SEO plugin v27.4 - https:\/\/yoast.com\/product\/yoast-seo-wordpress\/ -->\n<title>Bibliotec\u0103 - Institutul de Istorie \u201eA. D. Xenopol\u201d<\/title>\n<meta name=\"description\" content=\"Biblioteca Institutului este cercetat\u0103 de cititori proveni\u0163i din mediul academic (cercet\u0103tori, cadre didactice universitare, studen\u0163i), at\u00e2t de la Facultatea de Istorie a Universit\u0103\u0163ii \u201eAl. I. Cuza\u201d sau de la unele universit\u0103\u0163i particulare din Ia\u015fi, c\u00e2t \u015fi din diverse alte medii.\" \/>\n<meta name=\"robots\" content=\"index, follow, max-snippet:-1, max-image-preview:large, max-video-preview:-1\" \/>\n<link rel=\"canonical\" href=\"https:\/\/institutulxenopol.ro\/en\/biblioteca\/\" \/>\n<meta property=\"og:locale\" content=\"en_US\" \/>\n<meta property=\"og:type\" content=\"article\" \/>\n<meta property=\"og:title\" content=\"Bibliotec\u0103 - Institutul de Istorie \u201eA. D. Xenopol\u201d\" \/>\n<meta property=\"og:description\" content=\"Biblioteca Institutului este cercetat\u0103 de cititori proveni\u0163i din mediul academic (cercet\u0103tori, cadre didactice universitare, studen\u0163i), at\u00e2t de la Facultatea de Istorie a Universit\u0103\u0163ii \u201eAl. I. Cuza\u201d sau de la unele universit\u0103\u0163i particulare din Ia\u015fi, c\u00e2t \u015fi din diverse alte medii.\" \/>\n<meta property=\"og:url\" content=\"https:\/\/institutulxenopol.ro\/en\/biblioteca\/\" \/>\n<meta property=\"og:site_name\" content=\"Institutul de Istorie \u201eA. D. Xenopol\u201d\" \/>\n<meta property=\"article:publisher\" content=\"https:\/\/www.facebook.com\/profile.php?id=61559258097917\" \/>\n<meta property=\"article:modified_time\" content=\"2025-11-10T09:17:53+00:00\" \/>\n<meta property=\"og:image\" content=\"https:\/\/institutulxenopol.ro\/wp-content\/uploads\/2025\/10\/biblioteca3.jpeg\" \/>\n<script type=\"application\/ld+json\" class=\"yoast-schema-graph\">{\"@context\":\"https:\\\/\\\/schema.org\",\"@graph\":[{\"@type\":\"WebPage\",\"@id\":\"https:\\\/\\\/institutulxenopol.ro\\\/biblioteca\\\/\",\"url\":\"https:\\\/\\\/institutulxenopol.ro\\\/biblioteca\\\/\",\"name\":\"Bibliotec\u0103 - Institutul de Istorie \u201eA. D. Xenopol\u201d\",\"isPartOf\":{\"@id\":\"https:\\\/\\\/institutulxenopol.ro\\\/#website\"},\"primaryImageOfPage\":{\"@id\":\"https:\\\/\\\/institutulxenopol.ro\\\/biblioteca\\\/#primaryimage\"},\"image\":{\"@id\":\"https:\\\/\\\/institutulxenopol.ro\\\/biblioteca\\\/#primaryimage\"},\"thumbnailUrl\":\"https:\\\/\\\/institutulxenopol.ro\\\/wp-content\\\/uploads\\\/2025\\\/10\\\/biblioteca3.jpeg\",\"datePublished\":\"2025-10-15T21:23:39+00:00\",\"dateModified\":\"2025-11-10T09:17:53+00:00\",\"description\":\"Biblioteca Institutului este cercetat\u0103 de cititori proveni\u0163i din mediul academic (cercet\u0103tori, cadre didactice universitare, studen\u0163i), at\u00e2t de la Facultatea de Istorie a Universit\u0103\u0163ii \u201eAl. I. Cuza\u201d sau de la unele universit\u0103\u0163i particulare din Ia\u015fi, c\u00e2t \u015fi din diverse alte medii.\",\"breadcrumb\":{\"@id\":\"https:\\\/\\\/institutulxenopol.ro\\\/biblioteca\\\/#breadcrumb\"},\"inLanguage\":\"en-US\",\"potentialAction\":[{\"@type\":\"ReadAction\",\"target\":[\"https:\\\/\\\/institutulxenopol.ro\\\/biblioteca\\\/\"]}]},{\"@type\":\"ImageObject\",\"inLanguage\":\"en-US\",\"@id\":\"https:\\\/\\\/institutulxenopol.ro\\\/biblioteca\\\/#primaryimage\",\"url\":\"https:\\\/\\\/institutulxenopol.ro\\\/wp-content\\\/uploads\\\/2025\\\/10\\\/biblioteca3.jpeg\",\"contentUrl\":\"https:\\\/\\\/institutulxenopol.ro\\\/wp-content\\\/uploads\\\/2025\\\/10\\\/biblioteca3.jpeg\"},{\"@type\":\"BreadcrumbList\",\"@id\":\"https:\\\/\\\/institutulxenopol.ro\\\/biblioteca\\\/#breadcrumb\",\"itemListElement\":[{\"@type\":\"ListItem\",\"position\":1,\"name\":\"Prima pagin\u0103\",\"item\":\"https:\\\/\\\/institutulxenopol.ro\\\/\"},{\"@type\":\"ListItem\",\"position\":2,\"name\":\"Bibliotec\u0103\"}]},{\"@type\":\"WebSite\",\"@id\":\"https:\\\/\\\/institutulxenopol.ro\\\/#website\",\"url\":\"https:\\\/\\\/institutulxenopol.ro\\\/\",\"name\":\"Institutul de Istorie \u201eA. D. Xenopol\u201d Ia\u0219i\",\"description\":\"Academia Rom\u00e2n\u0103 - Filiala Ia\u0219i\",\"publisher\":{\"@id\":\"https:\\\/\\\/institutulxenopol.ro\\\/#organization\"},\"potentialAction\":[{\"@type\":\"SearchAction\",\"target\":{\"@type\":\"EntryPoint\",\"urlTemplate\":\"https:\\\/\\\/institutulxenopol.ro\\\/?s={search_term_string}\"},\"query-input\":{\"@type\":\"PropertyValueSpecification\",\"valueRequired\":true,\"valueName\":\"search_term_string\"}}],\"inLanguage\":\"en-US\"},{\"@type\":\"Organization\",\"@id\":\"https:\\\/\\\/institutulxenopol.ro\\\/#organization\",\"name\":\"Institutul de Istorie \u201eA. D. Xenopol\u201d Ia\u0219i\",\"url\":\"https:\\\/\\\/institutulxenopol.ro\\\/\",\"logo\":{\"@type\":\"ImageObject\",\"inLanguage\":\"en-US\",\"@id\":\"https:\\\/\\\/institutulxenopol.ro\\\/#\\\/schema\\\/logo\\\/image\\\/\",\"url\":\"https:\\\/\\\/institutulxenopol.ro\\\/wp-content\\\/uploads\\\/2025\\\/10\\\/logo-institut-black-e1761148345490.png\",\"contentUrl\":\"https:\\\/\\\/institutulxenopol.ro\\\/wp-content\\\/uploads\\\/2025\\\/10\\\/logo-institut-black-e1761148345490.png\",\"width\":432,\"height\":164,\"caption\":\"Institutul de Istorie \u201eA. D. Xenopol\u201d Ia\u0219i\"},\"image\":{\"@id\":\"https:\\\/\\\/institutulxenopol.ro\\\/#\\\/schema\\\/logo\\\/image\\\/\"},\"sameAs\":[\"https:\\\/\\\/www.facebook.com\\\/profile.php?id=61559258097917\"]}]}<\/script>\n<!-- \/ Yoast SEO plugin. -->","yoast_head_json":{"title":"Bibliotec\u0103 - Institutul de Istorie \u201eA. D. Xenopol\u201d","description":"Biblioteca Institutului este cercetat\u0103 de cititori proveni\u0163i din mediul academic (cercet\u0103tori, cadre didactice universitare, studen\u0163i), at\u00e2t de la Facultatea de Istorie a Universit\u0103\u0163ii \u201eAl. I. Cuza\u201d sau de la unele universit\u0103\u0163i particulare din Ia\u015fi, c\u00e2t \u015fi din diverse alte medii.","robots":{"index":"index","follow":"follow","max-snippet":"max-snippet:-1","max-image-preview":"max-image-preview:large","max-video-preview":"max-video-preview:-1"},"canonical":"https:\/\/institutulxenopol.ro\/en\/biblioteca\/","og_locale":"en_US","og_type":"article","og_title":"Bibliotec\u0103 - Institutul de Istorie \u201eA. D. Xenopol\u201d","og_description":"Biblioteca Institutului este cercetat\u0103 de cititori proveni\u0163i din mediul academic (cercet\u0103tori, cadre didactice universitare, studen\u0163i), at\u00e2t de la Facultatea de Istorie a Universit\u0103\u0163ii \u201eAl. I. Cuza\u201d sau de la unele universit\u0103\u0163i particulare din Ia\u015fi, c\u00e2t \u015fi din diverse alte medii.","og_url":"https:\/\/institutulxenopol.ro\/en\/biblioteca\/","og_site_name":"Institutul de Istorie \u201eA. D. Xenopol\u201d","article_publisher":"https:\/\/www.facebook.com\/profile.php?id=61559258097917","article_modified_time":"2025-11-10T09:17:53+00:00","og_image":[{"url":"https:\/\/institutulxenopol.ro\/wp-content\/uploads\/2025\/10\/biblioteca3.jpeg","type":"","width":"","height":""}],"schema":{"@context":"https:\/\/schema.org","@graph":[{"@type":"WebPage","@id":"https:\/\/institutulxenopol.ro\/biblioteca\/","url":"https:\/\/institutulxenopol.ro\/biblioteca\/","name":"Bibliotec\u0103 - Institutul de Istorie \u201eA. D. Xenopol\u201d","isPartOf":{"@id":"https:\/\/institutulxenopol.ro\/#website"},"primaryImageOfPage":{"@id":"https:\/\/institutulxenopol.ro\/biblioteca\/#primaryimage"},"image":{"@id":"https:\/\/institutulxenopol.ro\/biblioteca\/#primaryimage"},"thumbnailUrl":"https:\/\/institutulxenopol.ro\/wp-content\/uploads\/2025\/10\/biblioteca3.jpeg","datePublished":"2025-10-15T21:23:39+00:00","dateModified":"2025-11-10T09:17:53+00:00","description":"Biblioteca Institutului este cercetat\u0103 de cititori proveni\u0163i din mediul academic (cercet\u0103tori, cadre didactice universitare, studen\u0163i), at\u00e2t de la Facultatea de Istorie a Universit\u0103\u0163ii \u201eAl. I. Cuza\u201d sau de la unele universit\u0103\u0163i particulare din Ia\u015fi, c\u00e2t \u015fi din diverse alte medii.","breadcrumb":{"@id":"https:\/\/institutulxenopol.ro\/biblioteca\/#breadcrumb"},"inLanguage":"en-US","potentialAction":[{"@type":"ReadAction","target":["https:\/\/institutulxenopol.ro\/biblioteca\/"]}]},{"@type":"ImageObject","inLanguage":"en-US","@id":"https:\/\/institutulxenopol.ro\/biblioteca\/#primaryimage","url":"https:\/\/institutulxenopol.ro\/wp-content\/uploads\/2025\/10\/biblioteca3.jpeg","contentUrl":"https:\/\/institutulxenopol.ro\/wp-content\/uploads\/2025\/10\/biblioteca3.jpeg"},{"@type":"BreadcrumbList","@id":"https:\/\/institutulxenopol.ro\/biblioteca\/#breadcrumb","itemListElement":[{"@type":"ListItem","position":1,"name":"Prima pagin\u0103","item":"https:\/\/institutulxenopol.ro\/"},{"@type":"ListItem","position":2,"name":"Bibliotec\u0103"}]},{"@type":"WebSite","@id":"https:\/\/institutulxenopol.ro\/#website","url":"https:\/\/institutulxenopol.ro\/","name":"Institutul de Istorie \u201eA. D. Xenopol\u201d Ia\u0219i","description":"Academia Rom\u00e2n\u0103 - Filiala Ia\u0219i","publisher":{"@id":"https:\/\/institutulxenopol.ro\/#organization"},"potentialAction":[{"@type":"SearchAction","target":{"@type":"EntryPoint","urlTemplate":"https:\/\/institutulxenopol.ro\/?s={search_term_string}"},"query-input":{"@type":"PropertyValueSpecification","valueRequired":true,"valueName":"search_term_string"}}],"inLanguage":"en-US"},{"@type":"Organization","@id":"https:\/\/institutulxenopol.ro\/#organization","name":"Institutul de Istorie \u201eA. D. Xenopol\u201d Ia\u0219i","url":"https:\/\/institutulxenopol.ro\/","logo":{"@type":"ImageObject","inLanguage":"en-US","@id":"https:\/\/institutulxenopol.ro\/#\/schema\/logo\/image\/","url":"https:\/\/institutulxenopol.ro\/wp-content\/uploads\/2025\/10\/logo-institut-black-e1761148345490.png","contentUrl":"https:\/\/institutulxenopol.ro\/wp-content\/uploads\/2025\/10\/logo-institut-black-e1761148345490.png","width":432,"height":164,"caption":"Institutul de Istorie \u201eA. D. Xenopol\u201d Ia\u0219i"},"image":{"@id":"https:\/\/institutulxenopol.ro\/#\/schema\/logo\/image\/"},"sameAs":["https:\/\/www.facebook.com\/profile.php?id=61559258097917"]}]}},"_links":{"self":[{"href":"https:\/\/institutulxenopol.ro\/en\/wp-json\/wp\/v2\/pages\/2662","targetHints":{"allow":["GET"]}}],"collection":[{"href":"https:\/\/institutulxenopol.ro\/en\/wp-json\/wp\/v2\/pages"}],"about":[{"href":"https:\/\/institutulxenopol.ro\/en\/wp-json\/wp\/v2\/types\/page"}],"author":[{"embeddable":true,"href":"https:\/\/institutulxenopol.ro\/en\/wp-json\/wp\/v2\/users\/1"}],"replies":[{"embeddable":true,"href":"https:\/\/institutulxenopol.ro\/en\/wp-json\/wp\/v2\/comments?post=2662"}],"version-history":[{"count":49,"href":"https:\/\/institutulxenopol.ro\/en\/wp-json\/wp\/v2\/pages\/2662\/revisions"}],"predecessor-version":[{"id":4776,"href":"https:\/\/institutulxenopol.ro\/en\/wp-json\/wp\/v2\/pages\/2662\/revisions\/4776"}],"wp:attachment":[{"href":"https:\/\/institutulxenopol.ro\/en\/wp-json\/wp\/v2\/media?parent=2662"}],"curies":[{"name":"wp","href":"https:\/\/api.w.org\/{rel}","templated":true}]}}