{"id":2153,"date":"2025-10-09T01:41:48","date_gmt":"2025-10-08T22:41:48","guid":{"rendered":"https:\/\/institutulxenopol.ro\/?page_id=2153"},"modified":"2025-11-04T11:56:43","modified_gmt":"2025-11-04T08:56:43","slug":"granturi","status":"publish","type":"page","link":"https:\/\/institutulxenopol.ro\/en\/granturi\/","title":{"rendered":"Grants"},"content":{"rendered":"<div data-elementor-type=\"wp-page\" data-elementor-id=\"2153\" class=\"elementor elementor-2153\">\n\t\t\t\t<div class=\"elementor-element elementor-element-20e7bf87 e-flex e-con-boxed e-con e-parent\" data-id=\"20e7bf87\" data-element_type=\"container\" data-e-type=\"container\" data-settings=\"{&quot;background_background&quot;:&quot;classic&quot;}\">\n\t\t\t\t\t<div class=\"e-con-inner\">\n\t\t<div class=\"elementor-element elementor-element-36c9a764 e-con-full e-flex e-con e-child\" data-id=\"36c9a764\" data-element_type=\"container\" data-e-type=\"container\">\n\t\t\t\t<div class=\"elementor-element elementor-element-3856c5a5 elementor-widget-divider--view-line elementor-widget elementor-widget-divider\" data-id=\"3856c5a5\" data-element_type=\"widget\" data-e-type=\"widget\" data-widget_type=\"divider.default\">\n\t\t\t\t\t\t\t<div class=\"elementor-divider\">\n\t\t\t<span class=\"elementor-divider-separator\">\n\t\t\t\t\t\t<\/span>\n\t\t<\/div>\n\t\t\t\t\t\t<\/div>\n\t\t\t\t<div class=\"elementor-element elementor-element-13d79b4d elementor-widget elementor-widget-heading\" data-id=\"13d79b4d\" data-element_type=\"widget\" data-e-type=\"widget\" data-widget_type=\"heading.default\">\n\t\t\t\t\t<h1 class=\"elementor-heading-title elementor-size-default\">Grants<\/h1>\t\t\t\t<\/div>\n\t\t\t\t<\/div>\n\t\t\t\t\t<\/div>\n\t\t\t\t<\/div>\n\t\t<div class=\"elementor-element elementor-element-79f91673 e-flex e-con-boxed e-con e-parent\" data-id=\"79f91673\" data-element_type=\"container\" data-e-type=\"container\">\n\t\t\t\t\t<div class=\"e-con-inner\">\n\t\t<div class=\"elementor-element elementor-element-75a88e6 e-con-full e-flex e-con e-child\" data-id=\"75a88e6\" data-element_type=\"container\" data-e-type=\"container\">\n\t\t\t\t<div class=\"elementor-element elementor-element-21ce30e6 elementor-widget elementor-widget-heading\" data-id=\"21ce30e6\" data-element_type=\"widget\" data-e-type=\"widget\" data-widget_type=\"heading.default\">\n\t\t\t\t\t<h2 class=\"elementor-heading-title elementor-size-default\">PN II, Program idei, proiect ID_1646\/2009-2011<\/h2>\t\t\t\t<\/div>\n\t\t\t\t<div class=\"elementor-element elementor-element-424385d2 elementor-widget elementor-widget-text-editor\" data-id=\"424385d2\" data-element_type=\"widget\" data-e-type=\"widget\" data-widget_type=\"text-editor.default\">\n\t\t\t\t\t\t\t\t\t<p>cu titlul:\u00a0<em>Dilemele convie\u0163uirii \u00een procesul moderniz\u0103rii societ\u0103\u0163ii rom\u00e2ne\u015fti. Identit\u0103\u0163i multietnice \u015fi muta\u0163ii demografice la est de Carpa\u0163i \u00een secolele XIX-XX (2009-2011)<\/em>, conduc\u0103tor de proiect dr. C\u0103t\u0103lin Turliuc, c.s. I; membri: dr. Mihai-\u015etefan Ceau\u015fu, c.s. I; dr. Dumitru Iv\u0103nescu, c.s. I; dr. Sorin Iv\u0103nescu, c.s. III; dr. Bogdan Schipor, c.s. III; prof. univ. dr. Dumitru Vitcu<\/p><p>RAPORT\u0102RI:<br \/>\u00bb <a href=\"https:\/\/institutulxenopol.ro\/wp-content\/uploads\/2025\/10\/pva.pdf\">Proces verbal de avizare interna a rezultatelor 2009<\/a><br \/>\u00bb <a href=\"https:\/\/institutulxenopol.ro\/wp-content\/uploads\/2025\/10\/ideisinteza2009.pdf\">Sinteza lucr\u0103rii pe anul 2009<\/a><\/p>\t\t\t\t\t\t\t\t<\/div>\n\t\t\t\t<div class=\"elementor-element elementor-element-481f48df elementor-widget elementor-widget-heading\" data-id=\"481f48df\" data-element_type=\"widget\" data-e-type=\"widget\" data-widget_type=\"heading.default\">\n\t\t\t\t\t<h2 class=\"elementor-heading-title elementor-size-default\">PN II, Program idei, proiect ID_816\/2009-2011<\/h2>\t\t\t\t<\/div>\n\t\t\t\t<div class=\"elementor-element elementor-element-5356199f elementor-widget elementor-widget-text-editor\" data-id=\"5356199f\" data-element_type=\"widget\" data-e-type=\"widget\" data-widget_type=\"text-editor.default\">\n\t\t\t\t\t\t\t\t\t<p>cu titlul:\u00a0<em>Discurs istoric \u015fi diploma\u0163ie: rom\u00e2nii din Transilvania \u015fi Basarabia \u00een politica extern\u0103 a Rom\u00e2niei (1877-1947)<\/em>, conduc\u0103tor de proiect dr. Flavius Solomon, c.s. I; membri: dr. Liviu Br\u0103tescu, c.s. III, dr. Paul Nistor, c.s. III, dr. Lucian Nastas\u0103, c.s. I (Cluj), Madly Lajos-Lorand, c.s. (Cluj), Andrei Cu\u015fco (Chi\u015fin\u0103u)<\/p><p>RAPORT\u0102RI:<br \/>\u00bb <a href=\"https:\/\/institutulxenopol.ro\/wp-content\/uploads\/2025\/10\/pv_816.pdf\">Proces verbal de avizare intern\u0103 a rezultatelor 2009<\/a><br \/>\u00bb <a href=\"https:\/\/institutulxenopol.ro\/wp-content\/uploads\/2025\/10\/sl_816.pdf\">Sinteza lucr\u0103rii pe anul 2009<\/a><br \/>\u00bb <a href=\"https:\/\/institutulxenopol.ro\/wp-content\/uploads\/2025\/10\/Impactul-rezultatelor-obtinute-in-anul-2010.pdf\">Impactul rezultatelor ob\u0163inute \u00een anul 2010<\/a><br \/>\u00bb <a href=\"https:\/\/institutulxenopol.ro\/wp-content\/uploads\/2025\/10\/Publicatii-2010.pdf\">Publica\u0163ii 2010<\/a><br \/>\u00bb <a href=\"https:\/\/institutulxenopol.ro\/wp-content\/uploads\/2025\/10\/Rapoarte-individuale-de-activitate-2010.pdf\">Rapoarte individuale de activitate 2010<\/a><\/p>\t\t\t\t\t\t\t\t<\/div>\n\t\t\t\t<div class=\"elementor-element elementor-element-9ab3a7d elementor-widget elementor-widget-heading\" data-id=\"9ab3a7d\" data-element_type=\"widget\" data-e-type=\"widget\" data-widget_type=\"heading.default\">\n\t\t\t\t\t<h2 class=\"elementor-heading-title elementor-size-default\">PN-II-RU-PD, Resurse umane, Proiecte de cercetare postdoctoral\u0103, proiect PD_546\/2010-2012<\/h2>\t\t\t\t<\/div>\n\t\t\t\t<div class=\"elementor-element elementor-element-b6a2fa0 elementor-widget elementor-widget-text-editor\" data-id=\"b6a2fa0\" data-element_type=\"widget\" data-e-type=\"widget\" data-widget_type=\"text-editor.default\">\n\t\t\t\t\t\t\t\t\t<p>cu titlul:\u00a0<em>O societate \u00een c\u0103utarea onoarei. Duel \u015fi masculinitate \u00een sfera public\u0103 din Rom\u00e2nia (1859-1918)<\/em>, director de proiect dr. Mihai Chiper<\/p><p>RAPORT\u0102RI:<br \/>\u00bb <a href=\"https:\/\/institutulxenopol.ro\/wp-content\/uploads\/2025\/10\/pva_546.pdf\">Proces verbal de avizare intern\u0103 a rezultatelor 2010<\/a><br \/>\u00bb <a href=\"https:\/\/institutulxenopol.ro\/wp-content\/uploads\/2025\/10\/sl_546.pdf\">Sinteza lucr\u0103rii pe anul 2010<\/a><br \/>\u00bb <a href=\"https:\/\/institutulxenopol.ro\/wp-content\/uploads\/2025\/10\/pva11_546.pdf\">Proces verbal de avizare intern\u0103 a rezultatelor 2011<\/a><br \/>\u00bb <a href=\"https:\/\/institutulxenopol.ro\/wp-content\/uploads\/2025\/10\/sl11_546.pdf\">Sinteza lucr\u0103rii pe anul 2011<\/a><br \/>\u00bb <a href=\"https:\/\/institutulxenopol.ro\/wp-content\/uploads\/2025\/10\/pva12_546.pdf\">Proces verbal de avizare intern\u0103 a rezultatelor 2012<\/a><br \/>\u00bb <a href=\"https:\/\/institutulxenopol.ro\/wp-content\/uploads\/2025\/10\/sl12_546.pdf\">Sinteza lucr\u0103rii pe anul 2012<\/a><\/p>\t\t\t\t\t\t\t\t<\/div>\n\t\t\t\t<div class=\"elementor-element elementor-element-495bfb9 elementor-widget elementor-widget-heading\" data-id=\"495bfb9\" data-element_type=\"widget\" data-e-type=\"widget\" data-widget_type=\"heading.default\">\n\t\t\t\t\t<h2 class=\"elementor-heading-title elementor-size-default\">PN-II-RU-TE, Resurse umane, Proiecte de cercetare pentru stimularea constituirii de tinere echipe de cercetare independente\/2012-2014<\/h2>\t\t\t\t<\/div>\n\t\t\t\t<div class=\"elementor-element elementor-element-06a078f elementor-widget elementor-widget-text-editor\" data-id=\"06a078f\" data-element_type=\"widget\" data-e-type=\"widget\" data-widget_type=\"text-editor.default\">\n\t\t\t\t\t\t\t\t\t<p>cu titlul:\u00a0<em>Asocia\u021bii \u0219i societ\u0103\u021bi studen\u021be\u0219ti la Universitatea din Ia\u0219i \u00een perioada modern\u0103 (1860-1918)<\/em>, director de proiect dr. Leonidas Rados<\/p>\t\t\t\t\t\t\t\t<\/div>\n\t\t\t\t<div class=\"elementor-element elementor-element-050b2f6 elementor-widget elementor-widget-heading\" data-id=\"050b2f6\" data-element_type=\"widget\" data-e-type=\"widget\" data-widget_type=\"heading.default\">\n\t\t\t\t\t<h2 class=\"elementor-heading-title elementor-size-default\">PN-II-RU-PD-2012-3-0241, Resurse umane, Burse postdoctorale<\/h2>\t\t\t\t<\/div>\n\t\t\t\t<div class=\"elementor-element elementor-element-237b1ae elementor-widget elementor-widget-text-editor\" data-id=\"237b1ae\" data-element_type=\"widget\" data-e-type=\"widget\" data-widget_type=\"text-editor.default\">\n\t\t\t\t\t\t\t\t\t<p>cu titlul:\u00a0<em>Evolution of the legal terminology in German and Romanian in Bukovina (1775-1918)<\/em>, director de proiect dr. Iulia Elena Zup, mentor dr. Mihai-\u015etefan Ceau\u015fu<\/p><p>RAPORT\u0102RI:<br \/>\u00bb <a href=\"https:\/\/institutulxenopol.ro\/wp-content\/uploads\/2025\/10\/descriere_0241.pdf\">Descrierea proiectului<\/a><br \/>\u00bb <a href=\"https:\/\/institutulxenopol.ro\/wp-content\/uploads\/2025\/10\/raport_0241.pdf\">Raport \u0219tiin\u021bific sintetic intermediar (01.05-30.09.2013)<\/a><\/p><p>Alte informa\u021bii la adresa<a href=\"http:\/\/bucovina.ucoz.ro\/\"> http:\/\/bucovina.ucoz.ro\/<\/a><\/p>\t\t\t\t\t\t\t\t<\/div>\n\t\t\t\t<div class=\"elementor-element elementor-element-6ab6a33 elementor-widget elementor-widget-heading\" data-id=\"6ab6a33\" data-element_type=\"widget\" data-e-type=\"widget\" data-widget_type=\"heading.default\">\n\t\t\t\t\t<h2 class=\"elementor-heading-title elementor-size-default\">2018-2020. Proiect component nr. 1: Ipostaze istorice ale migra\u021biilor. \u00centre reconstituirea trecutului \u0219i discursul identitar rom\u00e2nesc<\/h2>\t\t\t\t<\/div>\n\t\t\t\t<div class=\"elementor-element elementor-element-dd535e6 elementor-widget elementor-widget-text-editor\" data-id=\"dd535e6\" data-element_type=\"widget\" data-e-type=\"widget\" data-widget_type=\"text-editor.default\">\n\t\t\t\t\t\t\t\t\t<p>coordonator Proiect 1: Flavius Solomon; membri Proiect 1: Leonidas Rados, Dorin Dobrincu, Andrei Cu\u0219co, Philippe Henri Blasen. \u00cen cadrul proiectului de consor\u021biu\u00a0<strong>PN-III-P1-1.2-PCCDI-2017-0116<\/strong>,\u00a0<em>Migra\u021bie \u0219i identitate \u00een spa\u021biul cultural rom\u00e2nesc. Abordare multidisciplinar\u0103<\/em>, acronim MIRO, director: Acad. Victor Spinei; institu\u021bie coordonatoare: Academia Rom\u00e2n\u0103, Filiala Ia\u0219i.<\/p>\t\t\t\t\t\t\t\t<\/div>\n\t\t\t\t<div class=\"elementor-element elementor-element-ac72a19 elementor-widget elementor-widget-heading\" data-id=\"ac72a19\" data-element_type=\"widget\" data-e-type=\"widget\" data-widget_type=\"heading.default\">\n\t\t\t\t\t<h2 class=\"elementor-heading-title elementor-size-default\"><a href=\"https:\/\/institutulxenopol.ro\/wp-content\/uploads\/2025\/10\/Raport-activitate-2005-2010.pdf\" target=\"_blank\">Date privind structura \u015fi activitatea Institutului pentru perioada 2005-2010<\/a><\/h2>\t\t\t\t<\/div>\n\t\t\t\t<\/div>\n\t\t\t\t\t<\/div>\n\t\t\t\t<\/div>\n\t\t\t\t<\/div>","protected":false},"excerpt":{"rendered":"<p>Granturi PN II, Program idei, proiect ID_1646\/2009-2011 cu titlul:\u00a0Dilemele convie\u0163uirii \u00een procesul moderniz\u0103rii societ\u0103\u0163ii rom\u00e2ne\u015fti. Identit\u0103\u0163i multietnice \u015fi muta\u0163ii demografice la est de Carpa\u0163i \u00een secolele XIX-XX (2009-2011), conduc\u0103tor de proiect dr. C\u0103t\u0103lin Turliuc, c.s. I; membri: dr. Mihai-\u015etefan Ceau\u015fu, c.s. I; dr. Dumitru Iv\u0103nescu, c.s. I; dr. Sorin Iv\u0103nescu, c.s. III; dr. Bogdan Schipor, [&hellip;]<\/p>\n","protected":false},"author":1,"featured_media":0,"parent":0,"menu_order":0,"comment_status":"closed","ping_status":"closed","template":"","meta":{"site-sidebar-layout":"no-sidebar","site-content-layout":"page-builder","ast-site-content-layout":"full-width-container","site-content-style":"default","site-sidebar-style":"default","ast-global-header-display":"","ast-banner-title-visibility":"","ast-main-header-display":"","ast-hfb-above-header-display":"","ast-hfb-below-header-display":"","ast-hfb-mobile-header-display":"","site-post-title":"","ast-breadcrumbs-content":"","ast-featured-img":"disabled","footer-sml-layout":"","ast-disable-related-posts":"","theme-transparent-header-meta":"","adv-header-id-meta":"","stick-header-meta":"","header-above-stick-meta":"","header-main-stick-meta":"","header-below-stick-meta":"","astra-migrate-meta-layouts":"set","ast-page-background-enabled":"default","ast-page-background-meta":{"desktop":{"background-color":"","background-image":"","background-repeat":"repeat","background-position":"center center","background-size":"auto","background-attachment":"scroll","background-type":"","background-media":"","overlay-type":"","overlay-color":"","overlay-opacity":"","overlay-gradient":""},"tablet":{"background-color":"","background-image":"","background-repeat":"repeat","background-position":"center center","background-size":"auto","background-attachment":"scroll","background-type":"","background-media":"","overlay-type":"","overlay-color":"","overlay-opacity":"","overlay-gradient":""},"mobile":{"background-color":"","background-image":"","background-repeat":"repeat","background-position":"center center","background-size":"auto","background-attachment":"scroll","background-type":"","background-media":"","overlay-type":"","overlay-color":"","overlay-opacity":"","overlay-gradient":""}},"ast-content-background-meta":{"desktop":{"background-color":"var(--ast-global-color-5)","background-image":"","background-repeat":"repeat","background-position":"center center","background-size":"auto","background-attachment":"scroll","background-type":"","background-media":"","overlay-type":"","overlay-color":"","overlay-opacity":"","overlay-gradient":""},"tablet":{"background-color":"var(--ast-global-color-5)","background-image":"","background-repeat":"repeat","background-position":"center center","background-size":"auto","background-attachment":"scroll","background-type":"","background-media":"","overlay-type":"","overlay-color":"","overlay-opacity":"","overlay-gradient":""},"mobile":{"background-color":"var(--ast-global-color-5)","background-image":"","background-repeat":"repeat","background-position":"center center","background-size":"auto","background-attachment":"scroll","background-type":"","background-media":"","overlay-type":"","overlay-color":"","overlay-opacity":"","overlay-gradient":""}},"footnotes":""},"class_list":["post-2153","page","type-page","status-publish","hentry"],"yoast_head":"<!-- This site is optimized with the Yoast SEO plugin v27.4 - https:\/\/yoast.com\/product\/yoast-seo-wordpress\/ -->\n<title>Granturi - Institutul de Istorie \u201eA. D. Xenopol\u201d<\/title>\n<meta name=\"description\" content=\"Granturi \u0219i proiecte de cercetare la Institutul de Istorie \u201eA. D. Xenopol\u201d Ia\u0219i \u2013 activitate \u0219tiin\u021bific\u0103 \u0219i colabor\u0103ri academice.\" \/>\n<meta name=\"robots\" content=\"index, follow, max-snippet:-1, max-image-preview:large, max-video-preview:-1\" \/>\n<link rel=\"canonical\" href=\"https:\/\/institutulxenopol.ro\/en\/granturi\/\" \/>\n<meta property=\"og:locale\" content=\"en_US\" \/>\n<meta property=\"og:type\" content=\"article\" \/>\n<meta property=\"og:title\" content=\"Granturi - Institutul de Istorie \u201eA. D. Xenopol\u201d\" \/>\n<meta property=\"og:description\" content=\"Granturi \u0219i proiecte de cercetare la Institutul de Istorie \u201eA. D. Xenopol\u201d Ia\u0219i \u2013 activitate \u0219tiin\u021bific\u0103 \u0219i colabor\u0103ri academice.\" \/>\n<meta property=\"og:url\" content=\"https:\/\/institutulxenopol.ro\/en\/granturi\/\" \/>\n<meta property=\"og:site_name\" content=\"Institutul de Istorie \u201eA. D. Xenopol\u201d\" \/>\n<meta property=\"article:publisher\" content=\"https:\/\/www.facebook.com\/profile.php?id=61559258097917\" \/>\n<meta property=\"article:modified_time\" content=\"2025-11-04T08:56:43+00:00\" \/>\n<meta property=\"og:image\" content=\"https:\/\/institutulxenopol.ro\/wp-content\/uploads\/2025\/10\/institutul-de-istorie-white-image-text.jpeg\" \/>\n\t<meta property=\"og:image:width\" content=\"1356\" \/>\n\t<meta property=\"og:image:height\" content=\"1003\" \/>\n\t<meta property=\"og:image:type\" content=\"image\/jpeg\" \/>\n<script type=\"application\/ld+json\" class=\"yoast-schema-graph\">{\"@context\":\"https:\\\/\\\/schema.org\",\"@graph\":[{\"@type\":\"WebPage\",\"@id\":\"https:\\\/\\\/institutulxenopol.ro\\\/granturi\\\/\",\"url\":\"https:\\\/\\\/institutulxenopol.ro\\\/granturi\\\/\",\"name\":\"Granturi - Institutul de Istorie \u201eA. D. Xenopol\u201d\",\"isPartOf\":{\"@id\":\"https:\\\/\\\/institutulxenopol.ro\\\/#website\"},\"datePublished\":\"2025-10-08T22:41:48+00:00\",\"dateModified\":\"2025-11-04T08:56:43+00:00\",\"description\":\"Granturi \u0219i proiecte de cercetare la Institutul de Istorie \u201eA. D. Xenopol\u201d Ia\u0219i \u2013 activitate \u0219tiin\u021bific\u0103 \u0219i colabor\u0103ri academice.\",\"breadcrumb\":{\"@id\":\"https:\\\/\\\/institutulxenopol.ro\\\/granturi\\\/#breadcrumb\"},\"inLanguage\":\"en-US\",\"potentialAction\":[{\"@type\":\"ReadAction\",\"target\":[\"https:\\\/\\\/institutulxenopol.ro\\\/granturi\\\/\"]}]},{\"@type\":\"BreadcrumbList\",\"@id\":\"https:\\\/\\\/institutulxenopol.ro\\\/granturi\\\/#breadcrumb\",\"itemListElement\":[{\"@type\":\"ListItem\",\"position\":1,\"name\":\"Prima pagin\u0103\",\"item\":\"https:\\\/\\\/institutulxenopol.ro\\\/\"},{\"@type\":\"ListItem\",\"position\":2,\"name\":\"Granturi\"}]},{\"@type\":\"WebSite\",\"@id\":\"https:\\\/\\\/institutulxenopol.ro\\\/#website\",\"url\":\"https:\\\/\\\/institutulxenopol.ro\\\/\",\"name\":\"Institutul de Istorie \u201eA. D. Xenopol\u201d Ia\u0219i\",\"description\":\"Academia Rom\u00e2n\u0103 - Filiala Ia\u0219i\",\"publisher\":{\"@id\":\"https:\\\/\\\/institutulxenopol.ro\\\/#organization\"},\"potentialAction\":[{\"@type\":\"SearchAction\",\"target\":{\"@type\":\"EntryPoint\",\"urlTemplate\":\"https:\\\/\\\/institutulxenopol.ro\\\/?s={search_term_string}\"},\"query-input\":{\"@type\":\"PropertyValueSpecification\",\"valueRequired\":true,\"valueName\":\"search_term_string\"}}],\"inLanguage\":\"en-US\"},{\"@type\":\"Organization\",\"@id\":\"https:\\\/\\\/institutulxenopol.ro\\\/#organization\",\"name\":\"Institutul de Istorie \u201eA. D. Xenopol\u201d Ia\u0219i\",\"url\":\"https:\\\/\\\/institutulxenopol.ro\\\/\",\"logo\":{\"@type\":\"ImageObject\",\"inLanguage\":\"en-US\",\"@id\":\"https:\\\/\\\/institutulxenopol.ro\\\/#\\\/schema\\\/logo\\\/image\\\/\",\"url\":\"https:\\\/\\\/institutulxenopol.ro\\\/wp-content\\\/uploads\\\/2025\\\/10\\\/logo-institut-black-e1761148345490.png\",\"contentUrl\":\"https:\\\/\\\/institutulxenopol.ro\\\/wp-content\\\/uploads\\\/2025\\\/10\\\/logo-institut-black-e1761148345490.png\",\"width\":432,\"height\":164,\"caption\":\"Institutul de Istorie \u201eA. D. Xenopol\u201d Ia\u0219i\"},\"image\":{\"@id\":\"https:\\\/\\\/institutulxenopol.ro\\\/#\\\/schema\\\/logo\\\/image\\\/\"},\"sameAs\":[\"https:\\\/\\\/www.facebook.com\\\/profile.php?id=61559258097917\"]}]}<\/script>\n<!-- \/ Yoast SEO plugin. -->","yoast_head_json":{"title":"Granturi - Institutul de Istorie \u201eA. D. Xenopol\u201d","description":"Granturi \u0219i proiecte de cercetare la Institutul de Istorie \u201eA. D. Xenopol\u201d Ia\u0219i \u2013 activitate \u0219tiin\u021bific\u0103 \u0219i colabor\u0103ri academice.","robots":{"index":"index","follow":"follow","max-snippet":"max-snippet:-1","max-image-preview":"max-image-preview:large","max-video-preview":"max-video-preview:-1"},"canonical":"https:\/\/institutulxenopol.ro\/en\/granturi\/","og_locale":"en_US","og_type":"article","og_title":"Granturi - Institutul de Istorie \u201eA. D. Xenopol\u201d","og_description":"Granturi \u0219i proiecte de cercetare la Institutul de Istorie \u201eA. D. Xenopol\u201d Ia\u0219i \u2013 activitate \u0219tiin\u021bific\u0103 \u0219i colabor\u0103ri academice.","og_url":"https:\/\/institutulxenopol.ro\/en\/granturi\/","og_site_name":"Institutul de Istorie \u201eA. D. Xenopol\u201d","article_publisher":"https:\/\/www.facebook.com\/profile.php?id=61559258097917","article_modified_time":"2025-11-04T08:56:43+00:00","og_image":[{"width":1356,"height":1003,"url":"https:\/\/institutulxenopol.ro\/wp-content\/uploads\/2025\/10\/institutul-de-istorie-white-image-text.jpeg","type":"image\/jpeg"}],"schema":{"@context":"https:\/\/schema.org","@graph":[{"@type":"WebPage","@id":"https:\/\/institutulxenopol.ro\/granturi\/","url":"https:\/\/institutulxenopol.ro\/granturi\/","name":"Granturi - Institutul de Istorie \u201eA. D. Xenopol\u201d","isPartOf":{"@id":"https:\/\/institutulxenopol.ro\/#website"},"datePublished":"2025-10-08T22:41:48+00:00","dateModified":"2025-11-04T08:56:43+00:00","description":"Granturi \u0219i proiecte de cercetare la Institutul de Istorie \u201eA. D. Xenopol\u201d Ia\u0219i \u2013 activitate \u0219tiin\u021bific\u0103 \u0219i colabor\u0103ri academice.","breadcrumb":{"@id":"https:\/\/institutulxenopol.ro\/granturi\/#breadcrumb"},"inLanguage":"en-US","potentialAction":[{"@type":"ReadAction","target":["https:\/\/institutulxenopol.ro\/granturi\/"]}]},{"@type":"BreadcrumbList","@id":"https:\/\/institutulxenopol.ro\/granturi\/#breadcrumb","itemListElement":[{"@type":"ListItem","position":1,"name":"Prima pagin\u0103","item":"https:\/\/institutulxenopol.ro\/"},{"@type":"ListItem","position":2,"name":"Granturi"}]},{"@type":"WebSite","@id":"https:\/\/institutulxenopol.ro\/#website","url":"https:\/\/institutulxenopol.ro\/","name":"Institutul de Istorie \u201eA. D. Xenopol\u201d Ia\u0219i","description":"Academia Rom\u00e2n\u0103 - Filiala Ia\u0219i","publisher":{"@id":"https:\/\/institutulxenopol.ro\/#organization"},"potentialAction":[{"@type":"SearchAction","target":{"@type":"EntryPoint","urlTemplate":"https:\/\/institutulxenopol.ro\/?s={search_term_string}"},"query-input":{"@type":"PropertyValueSpecification","valueRequired":true,"valueName":"search_term_string"}}],"inLanguage":"en-US"},{"@type":"Organization","@id":"https:\/\/institutulxenopol.ro\/#organization","name":"Institutul de Istorie \u201eA. D. Xenopol\u201d Ia\u0219i","url":"https:\/\/institutulxenopol.ro\/","logo":{"@type":"ImageObject","inLanguage":"en-US","@id":"https:\/\/institutulxenopol.ro\/#\/schema\/logo\/image\/","url":"https:\/\/institutulxenopol.ro\/wp-content\/uploads\/2025\/10\/logo-institut-black-e1761148345490.png","contentUrl":"https:\/\/institutulxenopol.ro\/wp-content\/uploads\/2025\/10\/logo-institut-black-e1761148345490.png","width":432,"height":164,"caption":"Institutul de Istorie \u201eA. D. Xenopol\u201d Ia\u0219i"},"image":{"@id":"https:\/\/institutulxenopol.ro\/#\/schema\/logo\/image\/"},"sameAs":["https:\/\/www.facebook.com\/profile.php?id=61559258097917"]}]}},"_links":{"self":[{"href":"https:\/\/institutulxenopol.ro\/en\/wp-json\/wp\/v2\/pages\/2153","targetHints":{"allow":["GET"]}}],"collection":[{"href":"https:\/\/institutulxenopol.ro\/en\/wp-json\/wp\/v2\/pages"}],"about":[{"href":"https:\/\/institutulxenopol.ro\/en\/wp-json\/wp\/v2\/types\/page"}],"author":[{"embeddable":true,"href":"https:\/\/institutulxenopol.ro\/en\/wp-json\/wp\/v2\/users\/1"}],"replies":[{"embeddable":true,"href":"https:\/\/institutulxenopol.ro\/en\/wp-json\/wp\/v2\/comments?post=2153"}],"version-history":[{"count":40,"href":"https:\/\/institutulxenopol.ro\/en\/wp-json\/wp\/v2\/pages\/2153\/revisions"}],"predecessor-version":[{"id":3741,"href":"https:\/\/institutulxenopol.ro\/en\/wp-json\/wp\/v2\/pages\/2153\/revisions\/3741"}],"wp:attachment":[{"href":"https:\/\/institutulxenopol.ro\/en\/wp-json\/wp\/v2\/media?parent=2153"}],"curies":[{"name":"wp","href":"https:\/\/api.w.org\/{rel}","templated":true}]}}