{"id":1869,"date":"2025-09-22T20:25:16","date_gmt":"2025-09-22T17:25:16","guid":{"rendered":"https:\/\/institutulxenopol.ro\/?page_id=1869"},"modified":"2025-11-16T19:06:03","modified_gmt":"2025-11-16T16:06:03","slug":"fosti-membri","status":"publish","type":"page","link":"https:\/\/institutulxenopol.ro\/en\/fosti-membri\/","title":{"rendered":"Former Members"},"content":{"rendered":"<div data-elementor-type=\"wp-page\" data-elementor-id=\"1869\" class=\"elementor elementor-1869\">\n\t\t\t\t<div class=\"elementor-element elementor-element-238eda67 e-flex e-con-boxed e-con e-parent\" data-id=\"238eda67\" data-element_type=\"container\" data-e-type=\"container\" data-settings=\"{&quot;background_background&quot;:&quot;classic&quot;}\">\n\t\t\t\t\t<div class=\"e-con-inner\">\n\t\t<div class=\"elementor-element elementor-element-247ad671 e-con-full e-flex e-con e-child\" data-id=\"247ad671\" data-element_type=\"container\" data-e-type=\"container\">\n\t\t\t\t<div class=\"elementor-element elementor-element-db06c2d elementor-widget-divider--view-line elementor-widget elementor-widget-divider\" data-id=\"db06c2d\" data-element_type=\"widget\" data-e-type=\"widget\" data-widget_type=\"divider.default\">\n\t\t\t\t\t\t\t<div class=\"elementor-divider\">\n\t\t\t<span class=\"elementor-divider-separator\">\n\t\t\t\t\t\t<\/span>\n\t\t<\/div>\n\t\t\t\t\t\t<\/div>\n\t\t\t\t<div class=\"elementor-element elementor-element-49beea91 elementor-widget elementor-widget-heading\" data-id=\"49beea91\" data-element_type=\"widget\" data-e-type=\"widget\" data-widget_type=\"heading.default\">\n\t\t\t\t\t<h1 class=\"elementor-heading-title elementor-size-default\">Former Members<\/h1>\t\t\t\t<\/div>\n\t\t\t\t<\/div>\n\t\t\t\t\t<\/div>\n\t\t\t\t<\/div>\n\t\t<div class=\"elementor-element elementor-element-550300db e-flex e-con-boxed e-con e-parent\" data-id=\"550300db\" data-element_type=\"container\" data-e-type=\"container\">\n\t\t\t\t\t<div class=\"e-con-inner\">\n\t\t<div class=\"elementor-element elementor-element-7dac36cd e-con-full e-flex e-con e-child\" data-id=\"7dac36cd\" data-element_type=\"container\" data-e-type=\"container\">\n\t\t\t\t<div class=\"elementor-element elementor-element-73c8da94 elementor-widget elementor-widget-heading\" data-id=\"73c8da94\" data-element_type=\"widget\" data-e-type=\"widget\" data-widget_type=\"heading.default\">\n\t\t\t\t\t<h2 class=\"elementor-heading-title elementor-size-default\">Membri asocia\u021bi ai Institutului<\/h2>\t\t\t\t<\/div>\n\t\t\t\t<div class=\"elementor-element elementor-element-349574c9 elementor-widget elementor-widget-text-editor\" data-id=\"349574c9\" data-element_type=\"widget\" data-e-type=\"widget\" data-widget_type=\"text-editor.default\">\n\t\t\t\t\t\t\t\t\t<p>Dr. Beate Welter (din 26 februarie 1991)<br \/>Dr. Maria Krempels (din 26 februarie 1991)<br \/>Prof. dr. Albert P. Van Goudover (din 5 aprilie 1991)<br \/>Dr. Andronikos Falangas (din 12 august 1993)<br \/>Dr. Anneli Ute Gabanyi (din 10 ianuarie 1997)<br \/>Dr. Gabriel B\u0103d\u0103r\u0103u (din 23 mai 1997)<br \/>Dr. Ecaterina Negru\u0163i (din 23 mai 1997)<br \/>Dr. Stela M\u0103rie\u015f<br \/>Dr. Corneliu Istrate<br \/>Dr. Adrian Macovei<br \/>Dr. N. Ciocan<br \/>Dr. Vasile Docea<br \/>Dr. Lucian Nastas\u0103<br \/>Dr. Sorin Antohi (din 31 iulie 2003)<br \/><a href=\"https:\/\/institutulxenopol.ro\/en\/dumitru-vitcu-1940-2025\/\" target=\"_blank\" rel=\"noopener\"><strong>\u2020\u00a0<\/strong>Dr. Dumitru Vitcu<\/a>, membru de onoare al AR<br \/><a href=\"https:\/\/institutulxenopol.ro\/wp-content\/uploads\/2025\/10\/v_butnariu.pdf\">Dr. Viorel Butnariu<\/a><br \/><a href=\"https:\/\/institutulxenopol.ro\/wp-content\/uploads\/2025\/10\/ms_ceausu.pdf\">Dr. Mihai-\u015etefan Ceau\u015fu<\/a><br \/>Acad. Alexandru Zub<\/p>\t\t\t\t\t\t\t\t<\/div>\n\t\t\t\t<\/div>\n\t\t\t\t\t<\/div>\n\t\t\t\t<\/div>\n\t\t\t\t<\/div>","protected":false},"excerpt":{"rendered":"<p>Fo\u0219ti membri Membri asocia\u021bi ai Institutului Dr. Beate Welter (din 26 februarie 1991)Dr. Maria Krempels (din 26 februarie 1991)Prof. dr. Albert P. Van Goudover (din 5 aprilie 1991)Dr. Andronikos Falangas (din 12 august 1993)Dr. Anneli Ute Gabanyi (din 10 ianuarie 1997)Dr. Gabriel B\u0103d\u0103r\u0103u (din 23 mai 1997)Dr. Ecaterina Negru\u0163i (din 23 mai 1997)Dr. Stela M\u0103rie\u015fDr. [&hellip;]<\/p>\n","protected":false},"author":1,"featured_media":0,"parent":0,"menu_order":0,"comment_status":"closed","ping_status":"closed","template":"","meta":{"site-sidebar-layout":"no-sidebar","site-content-layout":"page-builder","ast-site-content-layout":"full-width-container","site-content-style":"default","site-sidebar-style":"default","ast-global-header-display":"","ast-banner-title-visibility":"","ast-main-header-display":"","ast-hfb-above-header-display":"","ast-hfb-below-header-display":"","ast-hfb-mobile-header-display":"","site-post-title":"","ast-breadcrumbs-content":"","ast-featured-img":"disabled","footer-sml-layout":"","ast-disable-related-posts":"","theme-transparent-header-meta":"","adv-header-id-meta":"","stick-header-meta":"","header-above-stick-meta":"","header-main-stick-meta":"","header-below-stick-meta":"","astra-migrate-meta-layouts":"set","ast-page-background-enabled":"default","ast-page-background-meta":{"desktop":{"background-color":"","background-image":"","background-repeat":"repeat","background-position":"center center","background-size":"auto","background-attachment":"scroll","background-type":"","background-media":"","overlay-type":"","overlay-color":"","overlay-opacity":"","overlay-gradient":""},"tablet":{"background-color":"","background-image":"","background-repeat":"repeat","background-position":"center center","background-size":"auto","background-attachment":"scroll","background-type":"","background-media":"","overlay-type":"","overlay-color":"","overlay-opacity":"","overlay-gradient":""},"mobile":{"background-color":"","background-image":"","background-repeat":"repeat","background-position":"center center","background-size":"auto","background-attachment":"scroll","background-type":"","background-media":"","overlay-type":"","overlay-color":"","overlay-opacity":"","overlay-gradient":""}},"ast-content-background-meta":{"desktop":{"background-color":"var(--ast-global-color-5)","background-image":"","background-repeat":"repeat","background-position":"center center","background-size":"auto","background-attachment":"scroll","background-type":"","background-media":"","overlay-type":"","overlay-color":"","overlay-opacity":"","overlay-gradient":""},"tablet":{"background-color":"var(--ast-global-color-5)","background-image":"","background-repeat":"repeat","background-position":"center center","background-size":"auto","background-attachment":"scroll","background-type":"","background-media":"","overlay-type":"","overlay-color":"","overlay-opacity":"","overlay-gradient":""},"mobile":{"background-color":"var(--ast-global-color-5)","background-image":"","background-repeat":"repeat","background-position":"center center","background-size":"auto","background-attachment":"scroll","background-type":"","background-media":"","overlay-type":"","overlay-color":"","overlay-opacity":"","overlay-gradient":""}},"footnotes":""},"class_list":["post-1869","page","type-page","status-publish","hentry"],"yoast_head":"<!-- This site is optimized with the Yoast SEO plugin v27.4 - https:\/\/yoast.com\/product\/yoast-seo-wordpress\/ -->\n<title>Fo\u0219ti membri - Institutul de Istorie \u201eA. D. Xenopol\u201d<\/title>\n<meta name=\"robots\" content=\"index, follow, max-snippet:-1, max-image-preview:large, max-video-preview:-1\" \/>\n<link rel=\"canonical\" href=\"https:\/\/institutulxenopol.ro\/en\/fosti-membri\/\" \/>\n<meta property=\"og:locale\" content=\"en_US\" \/>\n<meta property=\"og:type\" content=\"article\" \/>\n<meta property=\"og:title\" content=\"Fo\u0219ti membri - Institutul de Istorie \u201eA. D. Xenopol\u201d\" \/>\n<meta property=\"og:description\" content=\"Fo\u0219ti membri Membri asocia\u021bi ai Institutului Dr. Beate Welter (din 26 februarie 1991)Dr. Maria Krempels (din 26 februarie 1991)Prof. dr. Albert P. Van Goudover (din 5 aprilie 1991)Dr. Andronikos Falangas (din 12 august 1993)Dr. Anneli Ute Gabanyi (din 10 ianuarie 1997)Dr. Gabriel B\u0103d\u0103r\u0103u (din 23 mai 1997)Dr. Ecaterina Negru\u0163i (din 23 mai 1997)Dr. Stela M\u0103rie\u015fDr. [&hellip;]\" \/>\n<meta property=\"og:url\" content=\"https:\/\/institutulxenopol.ro\/en\/fosti-membri\/\" \/>\n<meta property=\"og:site_name\" content=\"Institutul de Istorie \u201eA. D. Xenopol\u201d\" \/>\n<meta property=\"article:publisher\" content=\"https:\/\/www.facebook.com\/profile.php?id=61559258097917\" \/>\n<meta property=\"article:modified_time\" content=\"2025-11-16T16:06:03+00:00\" \/>\n<meta property=\"og:image\" content=\"https:\/\/institutulxenopol.ro\/wp-content\/uploads\/2025\/10\/institutul-de-istorie-white-image-text.jpeg\" \/>\n\t<meta property=\"og:image:width\" content=\"1356\" \/>\n\t<meta property=\"og:image:height\" content=\"1003\" \/>\n\t<meta property=\"og:image:type\" content=\"image\/jpeg\" \/>\n<script type=\"application\/ld+json\" class=\"yoast-schema-graph\">{\"@context\":\"https:\\\/\\\/schema.org\",\"@graph\":[{\"@type\":\"WebPage\",\"@id\":\"https:\\\/\\\/institutulxenopol.ro\\\/fosti-membri\\\/\",\"url\":\"https:\\\/\\\/institutulxenopol.ro\\\/fosti-membri\\\/\",\"name\":\"Fo\u0219ti membri - Institutul de Istorie \u201eA. D. Xenopol\u201d\",\"isPartOf\":{\"@id\":\"https:\\\/\\\/institutulxenopol.ro\\\/#website\"},\"datePublished\":\"2025-09-22T17:25:16+00:00\",\"dateModified\":\"2025-11-16T16:06:03+00:00\",\"breadcrumb\":{\"@id\":\"https:\\\/\\\/institutulxenopol.ro\\\/fosti-membri\\\/#breadcrumb\"},\"inLanguage\":\"en-US\",\"potentialAction\":[{\"@type\":\"ReadAction\",\"target\":[\"https:\\\/\\\/institutulxenopol.ro\\\/fosti-membri\\\/\"]}]},{\"@type\":\"BreadcrumbList\",\"@id\":\"https:\\\/\\\/institutulxenopol.ro\\\/fosti-membri\\\/#breadcrumb\",\"itemListElement\":[{\"@type\":\"ListItem\",\"position\":1,\"name\":\"Prima pagin\u0103\",\"item\":\"https:\\\/\\\/institutulxenopol.ro\\\/\"},{\"@type\":\"ListItem\",\"position\":2,\"name\":\"Fo\u0219ti membri\"}]},{\"@type\":\"WebSite\",\"@id\":\"https:\\\/\\\/institutulxenopol.ro\\\/#website\",\"url\":\"https:\\\/\\\/institutulxenopol.ro\\\/\",\"name\":\"Institutul de Istorie \u201eA. D. Xenopol\u201d Ia\u0219i\",\"description\":\"Academia Rom\u00e2n\u0103 - Filiala Ia\u0219i\",\"publisher\":{\"@id\":\"https:\\\/\\\/institutulxenopol.ro\\\/#organization\"},\"potentialAction\":[{\"@type\":\"SearchAction\",\"target\":{\"@type\":\"EntryPoint\",\"urlTemplate\":\"https:\\\/\\\/institutulxenopol.ro\\\/?s={search_term_string}\"},\"query-input\":{\"@type\":\"PropertyValueSpecification\",\"valueRequired\":true,\"valueName\":\"search_term_string\"}}],\"inLanguage\":\"en-US\"},{\"@type\":\"Organization\",\"@id\":\"https:\\\/\\\/institutulxenopol.ro\\\/#organization\",\"name\":\"Institutul de Istorie \u201eA. D. Xenopol\u201d Ia\u0219i\",\"url\":\"https:\\\/\\\/institutulxenopol.ro\\\/\",\"logo\":{\"@type\":\"ImageObject\",\"inLanguage\":\"en-US\",\"@id\":\"https:\\\/\\\/institutulxenopol.ro\\\/#\\\/schema\\\/logo\\\/image\\\/\",\"url\":\"https:\\\/\\\/institutulxenopol.ro\\\/wp-content\\\/uploads\\\/2025\\\/10\\\/logo-institut-black-e1761148345490.png\",\"contentUrl\":\"https:\\\/\\\/institutulxenopol.ro\\\/wp-content\\\/uploads\\\/2025\\\/10\\\/logo-institut-black-e1761148345490.png\",\"width\":432,\"height\":164,\"caption\":\"Institutul de Istorie \u201eA. D. Xenopol\u201d Ia\u0219i\"},\"image\":{\"@id\":\"https:\\\/\\\/institutulxenopol.ro\\\/#\\\/schema\\\/logo\\\/image\\\/\"},\"sameAs\":[\"https:\\\/\\\/www.facebook.com\\\/profile.php?id=61559258097917\"]}]}<\/script>\n<!-- \/ Yoast SEO plugin. -->","yoast_head_json":{"title":"Fo\u0219ti membri - Institutul de Istorie \u201eA. D. Xenopol\u201d","robots":{"index":"index","follow":"follow","max-snippet":"max-snippet:-1","max-image-preview":"max-image-preview:large","max-video-preview":"max-video-preview:-1"},"canonical":"https:\/\/institutulxenopol.ro\/en\/fosti-membri\/","og_locale":"en_US","og_type":"article","og_title":"Fo\u0219ti membri - Institutul de Istorie \u201eA. D. Xenopol\u201d","og_description":"Fo\u0219ti membri Membri asocia\u021bi ai Institutului Dr. Beate Welter (din 26 februarie 1991)Dr. Maria Krempels (din 26 februarie 1991)Prof. dr. Albert P. Van Goudover (din 5 aprilie 1991)Dr. Andronikos Falangas (din 12 august 1993)Dr. Anneli Ute Gabanyi (din 10 ianuarie 1997)Dr. Gabriel B\u0103d\u0103r\u0103u (din 23 mai 1997)Dr. Ecaterina Negru\u0163i (din 23 mai 1997)Dr. Stela M\u0103rie\u015fDr. [&hellip;]","og_url":"https:\/\/institutulxenopol.ro\/en\/fosti-membri\/","og_site_name":"Institutul de Istorie \u201eA. D. Xenopol\u201d","article_publisher":"https:\/\/www.facebook.com\/profile.php?id=61559258097917","article_modified_time":"2025-11-16T16:06:03+00:00","og_image":[{"width":1356,"height":1003,"url":"https:\/\/institutulxenopol.ro\/wp-content\/uploads\/2025\/10\/institutul-de-istorie-white-image-text.jpeg","type":"image\/jpeg"}],"schema":{"@context":"https:\/\/schema.org","@graph":[{"@type":"WebPage","@id":"https:\/\/institutulxenopol.ro\/fosti-membri\/","url":"https:\/\/institutulxenopol.ro\/fosti-membri\/","name":"Fo\u0219ti membri - Institutul de Istorie \u201eA. D. Xenopol\u201d","isPartOf":{"@id":"https:\/\/institutulxenopol.ro\/#website"},"datePublished":"2025-09-22T17:25:16+00:00","dateModified":"2025-11-16T16:06:03+00:00","breadcrumb":{"@id":"https:\/\/institutulxenopol.ro\/fosti-membri\/#breadcrumb"},"inLanguage":"en-US","potentialAction":[{"@type":"ReadAction","target":["https:\/\/institutulxenopol.ro\/fosti-membri\/"]}]},{"@type":"BreadcrumbList","@id":"https:\/\/institutulxenopol.ro\/fosti-membri\/#breadcrumb","itemListElement":[{"@type":"ListItem","position":1,"name":"Prima pagin\u0103","item":"https:\/\/institutulxenopol.ro\/"},{"@type":"ListItem","position":2,"name":"Fo\u0219ti membri"}]},{"@type":"WebSite","@id":"https:\/\/institutulxenopol.ro\/#website","url":"https:\/\/institutulxenopol.ro\/","name":"Institutul de Istorie \u201eA. D. Xenopol\u201d Ia\u0219i","description":"Academia Rom\u00e2n\u0103 - Filiala Ia\u0219i","publisher":{"@id":"https:\/\/institutulxenopol.ro\/#organization"},"potentialAction":[{"@type":"SearchAction","target":{"@type":"EntryPoint","urlTemplate":"https:\/\/institutulxenopol.ro\/?s={search_term_string}"},"query-input":{"@type":"PropertyValueSpecification","valueRequired":true,"valueName":"search_term_string"}}],"inLanguage":"en-US"},{"@type":"Organization","@id":"https:\/\/institutulxenopol.ro\/#organization","name":"Institutul de Istorie \u201eA. D. Xenopol\u201d Ia\u0219i","url":"https:\/\/institutulxenopol.ro\/","logo":{"@type":"ImageObject","inLanguage":"en-US","@id":"https:\/\/institutulxenopol.ro\/#\/schema\/logo\/image\/","url":"https:\/\/institutulxenopol.ro\/wp-content\/uploads\/2025\/10\/logo-institut-black-e1761148345490.png","contentUrl":"https:\/\/institutulxenopol.ro\/wp-content\/uploads\/2025\/10\/logo-institut-black-e1761148345490.png","width":432,"height":164,"caption":"Institutul de Istorie \u201eA. D. Xenopol\u201d Ia\u0219i"},"image":{"@id":"https:\/\/institutulxenopol.ro\/#\/schema\/logo\/image\/"},"sameAs":["https:\/\/www.facebook.com\/profile.php?id=61559258097917"]}]}},"_links":{"self":[{"href":"https:\/\/institutulxenopol.ro\/en\/wp-json\/wp\/v2\/pages\/1869","targetHints":{"allow":["GET"]}}],"collection":[{"href":"https:\/\/institutulxenopol.ro\/en\/wp-json\/wp\/v2\/pages"}],"about":[{"href":"https:\/\/institutulxenopol.ro\/en\/wp-json\/wp\/v2\/types\/page"}],"author":[{"embeddable":true,"href":"https:\/\/institutulxenopol.ro\/en\/wp-json\/wp\/v2\/users\/1"}],"replies":[{"embeddable":true,"href":"https:\/\/institutulxenopol.ro\/en\/wp-json\/wp\/v2\/comments?post=1869"}],"version-history":[{"count":25,"href":"https:\/\/institutulxenopol.ro\/en\/wp-json\/wp\/v2\/pages\/1869\/revisions"}],"predecessor-version":[{"id":4806,"href":"https:\/\/institutulxenopol.ro\/en\/wp-json\/wp\/v2\/pages\/1869\/revisions\/4806"}],"wp:attachment":[{"href":"https:\/\/institutulxenopol.ro\/en\/wp-json\/wp\/v2\/media?parent=1869"}],"curies":[{"name":"wp","href":"https:\/\/api.w.org\/{rel}","templated":true}]}}