{"id":1812,"date":"2025-09-09T18:36:02","date_gmt":"2025-09-09T15:36:02","guid":{"rendered":"https:\/\/institutulxenopol.ro\/?page_id=1812"},"modified":"2025-11-04T12:06:09","modified_gmt":"2025-11-04T09:06:09","slug":"scoala-doctorala","status":"publish","type":"page","link":"https:\/\/institutulxenopol.ro\/en\/scoala-doctorala\/","title":{"rendered":"Doctoral School"},"content":{"rendered":"<div data-elementor-type=\"wp-page\" data-elementor-id=\"1812\" class=\"elementor elementor-1812\">\n\t\t\t\t<div class=\"elementor-element elementor-element-403b9965 e-flex e-con-boxed e-con e-parent\" data-id=\"403b9965\" data-element_type=\"container\" data-e-type=\"container\" data-settings=\"{&quot;background_background&quot;:&quot;classic&quot;}\">\n\t\t\t\t\t<div class=\"e-con-inner\">\n\t\t<div class=\"elementor-element elementor-element-6caf20b4 e-con-full e-flex e-con e-child\" data-id=\"6caf20b4\" data-element_type=\"container\" data-e-type=\"container\">\n\t\t\t\t<div class=\"elementor-element elementor-element-45843359 elementor-widget-divider--view-line elementor-widget elementor-widget-divider\" data-id=\"45843359\" data-element_type=\"widget\" data-e-type=\"widget\" data-widget_type=\"divider.default\">\n\t\t\t\t\t\t\t<div class=\"elementor-divider\">\n\t\t\t<span class=\"elementor-divider-separator\">\n\t\t\t\t\t\t<\/span>\n\t\t<\/div>\n\t\t\t\t\t\t<\/div>\n\t\t\t\t<div class=\"elementor-element elementor-element-493dd689 elementor-widget elementor-widget-heading\" data-id=\"493dd689\" data-element_type=\"widget\" data-e-type=\"widget\" data-widget_type=\"heading.default\">\n\t\t\t\t\t<h1 class=\"elementor-heading-title elementor-size-default\">Doctoral School<\/h1>\t\t\t\t<\/div>\n\t\t\t\t<\/div>\n\t\t\t\t\t<\/div>\n\t\t\t\t<\/div>\n\t\t<div class=\"elementor-element elementor-element-22427cc9 e-flex e-con-boxed e-con e-parent\" data-id=\"22427cc9\" data-element_type=\"container\" data-e-type=\"container\">\n\t\t\t\t\t<div class=\"e-con-inner\">\n\t\t<div class=\"elementor-element elementor-element-312014a4 e-con-full e-flex e-con e-child\" data-id=\"312014a4\" data-element_type=\"container\" data-e-type=\"container\">\n\t\t\t\t<div class=\"elementor-element elementor-element-a27c71b elementor-widget elementor-widget-heading\" data-id=\"a27c71b\" data-element_type=\"widget\" data-e-type=\"widget\" data-widget_type=\"heading.default\">\n\t\t\t\t\t<h2 class=\"elementor-heading-title elementor-size-default\">Conduc\u0103tori de doctorate \u00een cadrul Institutului<\/h2>\t\t\t\t<\/div>\n\t\t\t\t<div class=\"elementor-element elementor-element-79a81df0 elementor-widget elementor-widget-text-editor\" data-id=\"79a81df0\" data-element_type=\"widget\" data-e-type=\"widget\" data-widget_type=\"text-editor.default\">\n\t\t\t\t\t\t\t\t\t<p>\u00bb Dr. Mihai-\u015etefan Ceau\u015fu, c.s. I<br \/>\u00bb<a href=\"https:\/\/institutulxenopol.ro\/wp-content\/uploads\/2025\/10\/09Domeniul-ISTORIE.pdf\"> Dr. C\u0103t\u0103lina Chelcu, c.s. I<\/a><br \/>\u00bb <a href=\"https:\/\/institutulxenopol.ro\/wp-content\/uploads\/2025\/10\/09Domeniul-ISTORIE.pdf\">Dr. Marius Chelcu, c.s. I<\/a><\/p>\t\t\t\t\t\t\t\t<\/div>\n\t\t\t\t<\/div>\n\t\t<div class=\"elementor-element elementor-element-2c74448 e-con-full e-flex e-con e-child\" data-id=\"2c74448\" data-element_type=\"container\" data-e-type=\"container\">\n\t\t\t\t<div class=\"elementor-element elementor-element-e7c6b29 elementor-grid-eael-col-1 elementor-grid-tablet-eael-col-1 elementor-grid-mobile-eael-col-1 elementor-widget elementor-widget-eael-post-grid\" data-id=\"e7c6b29\" data-element_type=\"widget\" data-e-type=\"widget\" data-settings=\"{&quot;eael_post_grid_columns&quot;:&quot;eael-col-1&quot;,&quot;eael_post_grid_columns_tablet&quot;:&quot;eael-col-1&quot;,&quot;eael_post_grid_columns_mobile&quot;:&quot;eael-col-1&quot;}\" data-widget_type=\"eael-post-grid.default\">\n\t\t\t\t\t<div id=\"eael-post-grid-e7c6b29\" class=\"eael-post-grid-container\">\n            <div class=\"eael-post-grid eael-post-appender eael-post-appender-e7c6b29 eael-post-grid-style-default\" data-layout-mode=\"masonry\"><article class=\"eael-grid-post eael-post-grid-column eael-pg-post-2516\" data-id=\"2516\">\n        <div class=\"eael-grid-post-holder\">\n            <div class=\"eael-grid-post-holder-inner\"><div class=\"eael-entry-wrapper\"><header class=\"eael-entry-header\"><h2 class=\"eael-entry-title\"><a\n                        class=\"eael-grid-post-link\"\n                        href=\"https:\/\/institutulxenopol.ro\/en\/documente\/doctoranzi\/\"\n                        title=\"Doctoranzi\"target=\"_blank\">Doctoranzi<\/a><\/h2><\/header><div class=\"eael-entry-content\">\n                        <div class=\"eael-grid-post-excerpt\"><a href=\"https:\/\/institutulxenopol.ro\/en\/documente\/doctoranzi\/\" class=\"eael-post-elements-readmore-btn\">\u00bb detalii<\/a><\/div>\n                    <\/div><\/div><\/div>\n        <\/div>\n    <\/article><\/div>\n            <div class=\"clearfix\"><\/div>\n        <\/div>\t\t\t\t<\/div>\n\t\t\t\t<\/div>\n\t\t<div class=\"elementor-element elementor-element-0355c8a e-con-full e-flex e-con e-child\" data-id=\"0355c8a\" data-element_type=\"container\" data-e-type=\"container\">\n\t\t\t\t<div class=\"elementor-element elementor-element-57c7db74 elementor-widget elementor-widget-heading\" data-id=\"57c7db74\" data-element_type=\"widget\" data-e-type=\"widget\" data-widget_type=\"heading.default\">\n\t\t\t\t\t<h2 class=\"elementor-heading-title elementor-size-default\">Cursuri \u0219coala doctoral\u0103 \/ Courses doctoral school<\/h2>\t\t\t\t<\/div>\n\t\t\t\t<div class=\"elementor-element elementor-element-546b65ae elementor-widget elementor-widget-text-editor\" data-id=\"546b65ae\" data-element_type=\"widget\" data-e-type=\"widget\" data-widget_type=\"text-editor.default\">\n\t\t\t\t\t\t\t\t\t<p>\u00bb <a href=\"https:\/\/institutulxenopol.ro\/wp-content\/uploads\/2025\/10\/Basma_plan-studii-1.pdf\">BASMA BOGDAN (Planul studiilor universitare de doctorat \/ Annex to the Contract of doctoral studies)<\/a><br \/>\u00bb <a href=\"https:\/\/institutulxenopol.ro\/wp-content\/uploads\/2025\/10\/Dascalescu_plan-studii-1.pdf\">D\u0102SC\u0102LESCU (VIERU) ADRIANA (Planul studiilor universitare de doctorat \/ Annex to the Contract of doctoral studies)<\/a><br \/>\u00bb <a href=\"https:\/\/institutulxenopol.ro\/wp-content\/uploads\/2025\/10\/Hutu_plan-studii-1.pdf\">HU\u021aU D\u0102NU\u021a (Planul studiilor universitare de doctorat \/ Annex to the Contract of doctoral studies)<\/a><\/p>\t\t\t\t\t\t\t\t<\/div>\n\t\t\t\t<\/div>\n\t\t<div class=\"elementor-element elementor-element-75100a3 e-con-full e-flex e-con e-child\" data-id=\"75100a3\" data-element_type=\"container\" data-e-type=\"container\">\n\t\t\t\t<div class=\"elementor-element elementor-element-b5d6281 elementor-widget elementor-widget-heading\" data-id=\"b5d6281\" data-element_type=\"widget\" data-e-type=\"widget\" data-widget_type=\"heading.default\">\n\t\t\t\t\t<h2 class=\"elementor-heading-title elementor-size-default\">Conduc\u0103tori de doctorate \u00een alte institu\u0163ii<\/h2>\t\t\t\t<\/div>\n\t\t\t\t<div class=\"elementor-element elementor-element-b7efefc elementor-widget elementor-widget-text-editor\" data-id=\"b7efefc\" data-element_type=\"widget\" data-e-type=\"widget\" data-widget_type=\"text-editor.default\">\n\t\t\t\t\t\t\t\t\t<p>\u00bb <a href=\"https:\/\/history.uaic.ro\/studenti\/scoala-doctorala\/\">Prof. univ. dr. Gheorghe Cliveti (Universitatea <\/a><a href=\"https:\/\/doctorate.ulbsibiu.ro\/ro\/domenii-si-conducatori\/\">\u201e<\/a><a href=\"https:\/\/history.uaic.ro\/studenti\/scoala-doctorala\/\">Al. I. Cuza\u201d din Ia\u0219i)<\/a><br \/>\u00bb <a href=\"https:\/\/history.uaic.ro\/studenti\/scoala-doctorala\/\">Dr. Petronel Zahariuc, CSI (Universitatea <\/a><a href=\"https:\/\/doctorate.ulbsibiu.ro\/ro\/domenii-si-conducatori\/\">\u201e<\/a><a href=\"https:\/\/history.uaic.ro\/studenti\/scoala-doctorala\/\">Al. I. Cuza\u201d din Ia\u0219i)<\/a><br \/>\u00bb <a href=\"https:\/\/doctorate.ulbsibiu.ro\/ro\/domenii-si-conducatori\/\">Dr. Flavius Viaceslav Solomon, CSI (Universitatea \u201eLucian Blaga\u201d din Sibiu)<\/a><br \/>\u00bb <a href=\"https:\/\/history.uaic.ro\/studenti\/scoala-doctorala\/\">Dr. Leonidas Rados, CSI (Universitatea <\/a><a href=\"https:\/\/doctorate.ulbsibiu.ro\/ro\/domenii-si-conducatori\/\">\u201e<\/a><a href=\"https:\/\/history.uaic.ro\/studenti\/scoala-doctorala\/\">Al. I. Cuza\u201d din Ia\u0219i)<\/a><\/p>\t\t\t\t\t\t\t\t<\/div>\n\t\t\t\t<\/div>\n\t\t<div class=\"elementor-element elementor-element-1eff21e e-con-full e-flex e-con e-child\" data-id=\"1eff21e\" data-element_type=\"container\" data-e-type=\"container\">\n\t\t\t\t<div class=\"elementor-element elementor-element-8412834 elementor-grid-eael-col-1 elementor-grid-tablet-eael-col-1 elementor-grid-mobile-eael-col-1 elementor-widget elementor-widget-eael-post-grid\" data-id=\"8412834\" data-element_type=\"widget\" data-e-type=\"widget\" data-settings=\"{&quot;eael_post_grid_columns&quot;:&quot;eael-col-1&quot;,&quot;eael_post_grid_columns_tablet&quot;:&quot;eael-col-1&quot;,&quot;eael_post_grid_columns_mobile&quot;:&quot;eael-col-1&quot;}\" data-widget_type=\"eael-post-grid.default\">\n\t\t\t\t\t<div id=\"eael-post-grid-8412834\" class=\"eael-post-grid-container\">\n            <div class=\"eael-post-grid eael-post-appender eael-post-appender-8412834 eael-post-grid-style-default\" data-layout-mode=\"masonry\"><article class=\"eael-grid-post eael-post-grid-column eael-pg-post-2427\" data-id=\"2427\">\n        <div class=\"eael-grid-post-holder\">\n            <div class=\"eael-grid-post-holder-inner\"><div class=\"eael-entry-wrapper\"><header class=\"eael-entry-header\"><h2 class=\"eael-entry-title\"><a\n                        class=\"eael-grid-post-link\"\n                        href=\"https:\/\/institutulxenopol.ro\/en\/documente\/metodologii-scosaar-https-acad-ro-institutia-scosaar_metodologii-html\/\"\n                        title=\"\u0218coala de Studii Avansate a Academiei Rom\u00e2ne (SCOSAAR)\"target=\"_blank\">\u0218coala de Studii Avansate a Academiei Rom\u00e2ne (SCOSAAR)<\/a><\/h2><\/header><div class=\"eael-entry-content\">\n                        <div class=\"eael-grid-post-excerpt\"><a href=\"https:\/\/institutulxenopol.ro\/en\/documente\/metodologii-scosaar-https-acad-ro-institutia-scosaar_metodologii-html\/\" class=\"eael-post-elements-readmore-btn\">\u00bb detalii<\/a><\/div>\n                    <\/div><\/div><\/div>\n        <\/div>\n    <\/article><\/div>\n            <div class=\"clearfix\"><\/div>\n        <\/div>\t\t\t\t<\/div>\n\t\t\t\t<\/div>\n\t\t\t\t\t<\/div>\n\t\t\t\t<\/div>\n\t\t\t\t<\/div>","protected":false},"excerpt":{"rendered":"<p>\u0218coala Doctoral\u0103 Conduc\u0103tori de doctorate \u00een cadrul Institutului \u00bb Dr. Mihai-\u015etefan Ceau\u015fu, c.s. I\u00bb Dr. C\u0103t\u0103lina Chelcu, c.s. I\u00bb Dr. Marius Chelcu, c.s. I Doctoranzi \u00bb detalii Cursuri \u0219coala doctoral\u0103 \/ Courses doctoral school \u00bb BASMA BOGDAN (Planul studiilor universitare de doctorat \/ Annex to the Contract of doctoral studies)\u00bb D\u0102SC\u0102LESCU (VIERU) ADRIANA (Planul studiilor [&hellip;]<\/p>\n","protected":false},"author":1,"featured_media":0,"parent":0,"menu_order":0,"comment_status":"closed","ping_status":"closed","template":"","meta":{"site-sidebar-layout":"no-sidebar","site-content-layout":"page-builder","ast-site-content-layout":"full-width-container","site-content-style":"default","site-sidebar-style":"default","ast-global-header-display":"","ast-banner-title-visibility":"","ast-main-header-display":"","ast-hfb-above-header-display":"","ast-hfb-below-header-display":"","ast-hfb-mobile-header-display":"","site-post-title":"","ast-breadcrumbs-content":"","ast-featured-img":"disabled","footer-sml-layout":"","ast-disable-related-posts":"","theme-transparent-header-meta":"","adv-header-id-meta":"","stick-header-meta":"","header-above-stick-meta":"","header-main-stick-meta":"","header-below-stick-meta":"","astra-migrate-meta-layouts":"set","ast-page-background-enabled":"default","ast-page-background-meta":{"desktop":{"background-color":"","background-image":"","background-repeat":"repeat","background-position":"center center","background-size":"auto","background-attachment":"scroll","background-type":"","background-media":"","overlay-type":"","overlay-color":"","overlay-opacity":"","overlay-gradient":""},"tablet":{"background-color":"","background-image":"","background-repeat":"repeat","background-position":"center center","background-size":"auto","background-attachment":"scroll","background-type":"","background-media":"","overlay-type":"","overlay-color":"","overlay-opacity":"","overlay-gradient":""},"mobile":{"background-color":"","background-image":"","background-repeat":"repeat","background-position":"center center","background-size":"auto","background-attachment":"scroll","background-type":"","background-media":"","overlay-type":"","overlay-color":"","overlay-opacity":"","overlay-gradient":""}},"ast-content-background-meta":{"desktop":{"background-color":"var(--ast-global-color-5)","background-image":"","background-repeat":"repeat","background-position":"center center","background-size":"auto","background-attachment":"scroll","background-type":"","background-media":"","overlay-type":"","overlay-color":"","overlay-opacity":"","overlay-gradient":""},"tablet":{"background-color":"var(--ast-global-color-5)","background-image":"","background-repeat":"repeat","background-position":"center center","background-size":"auto","background-attachment":"scroll","background-type":"","background-media":"","overlay-type":"","overlay-color":"","overlay-opacity":"","overlay-gradient":""},"mobile":{"background-color":"var(--ast-global-color-5)","background-image":"","background-repeat":"repeat","background-position":"center center","background-size":"auto","background-attachment":"scroll","background-type":"","background-media":"","overlay-type":"","overlay-color":"","overlay-opacity":"","overlay-gradient":""}},"footnotes":""},"class_list":["post-1812","page","type-page","status-publish","hentry"],"yoast_head":"<!-- This site is optimized with the Yoast SEO plugin v27.4 - https:\/\/yoast.com\/product\/yoast-seo-wordpress\/ -->\n<title>\u0218coala Doctoral\u0103 - Institutul de Istorie \u201eA. D. Xenopol\u201d<\/title>\n<meta name=\"description\" content=\"Institutul de Istorie \u201eA. D. Xenopol\u201d Ia\u0219i coordoneaz\u0103 o \u0219coal\u0103 doctoral\u0103 dedicat\u0103 studiilor istorice \u0219i form\u0103rii \u00een domeniul cercet\u0103rii \u0219tiin\u021bifice.\" \/>\n<meta name=\"robots\" content=\"index, follow, max-snippet:-1, max-image-preview:large, max-video-preview:-1\" \/>\n<link rel=\"canonical\" href=\"https:\/\/institutulxenopol.ro\/en\/scoala-doctorala\/\" \/>\n<meta property=\"og:locale\" content=\"en_US\" \/>\n<meta property=\"og:type\" content=\"article\" \/>\n<meta property=\"og:title\" content=\"\u0218coala Doctoral\u0103 - Institutul de Istorie \u201eA. D. Xenopol\u201d\" \/>\n<meta property=\"og:description\" content=\"Institutul de Istorie \u201eA. D. Xenopol\u201d Ia\u0219i coordoneaz\u0103 o \u0219coal\u0103 doctoral\u0103 dedicat\u0103 studiilor istorice \u0219i form\u0103rii \u00een domeniul cercet\u0103rii \u0219tiin\u021bifice.\" \/>\n<meta property=\"og:url\" content=\"https:\/\/institutulxenopol.ro\/en\/scoala-doctorala\/\" \/>\n<meta property=\"og:site_name\" content=\"Institutul de Istorie \u201eA. D. Xenopol\u201d\" \/>\n<meta property=\"article:publisher\" content=\"https:\/\/www.facebook.com\/profile.php?id=61559258097917\" \/>\n<meta property=\"article:modified_time\" content=\"2025-11-04T09:06:09+00:00\" \/>\n<meta property=\"og:image\" content=\"https:\/\/institutulxenopol.ro\/wp-content\/uploads\/2025\/10\/institutul-de-istorie-white-image-text.jpeg\" \/>\n\t<meta property=\"og:image:width\" content=\"1356\" \/>\n\t<meta property=\"og:image:height\" content=\"1003\" \/>\n\t<meta property=\"og:image:type\" content=\"image\/jpeg\" \/>\n<script type=\"application\/ld+json\" class=\"yoast-schema-graph\">{\"@context\":\"https:\\\/\\\/schema.org\",\"@graph\":[{\"@type\":\"WebPage\",\"@id\":\"https:\\\/\\\/institutulxenopol.ro\\\/scoala-doctorala\\\/\",\"url\":\"https:\\\/\\\/institutulxenopol.ro\\\/scoala-doctorala\\\/\",\"name\":\"\u0218coala Doctoral\u0103 - Institutul de Istorie \u201eA. D. Xenopol\u201d\",\"isPartOf\":{\"@id\":\"https:\\\/\\\/institutulxenopol.ro\\\/#website\"},\"datePublished\":\"2025-09-09T15:36:02+00:00\",\"dateModified\":\"2025-11-04T09:06:09+00:00\",\"description\":\"Institutul de Istorie \u201eA. D. Xenopol\u201d Ia\u0219i coordoneaz\u0103 o \u0219coal\u0103 doctoral\u0103 dedicat\u0103 studiilor istorice \u0219i form\u0103rii \u00een domeniul cercet\u0103rii \u0219tiin\u021bifice.\",\"breadcrumb\":{\"@id\":\"https:\\\/\\\/institutulxenopol.ro\\\/scoala-doctorala\\\/#breadcrumb\"},\"inLanguage\":\"en-US\",\"potentialAction\":[{\"@type\":\"ReadAction\",\"target\":[\"https:\\\/\\\/institutulxenopol.ro\\\/scoala-doctorala\\\/\"]}]},{\"@type\":\"BreadcrumbList\",\"@id\":\"https:\\\/\\\/institutulxenopol.ro\\\/scoala-doctorala\\\/#breadcrumb\",\"itemListElement\":[{\"@type\":\"ListItem\",\"position\":1,\"name\":\"Prima pagin\u0103\",\"item\":\"https:\\\/\\\/institutulxenopol.ro\\\/\"},{\"@type\":\"ListItem\",\"position\":2,\"name\":\"\u0218coala Doctoral\u0103\"}]},{\"@type\":\"WebSite\",\"@id\":\"https:\\\/\\\/institutulxenopol.ro\\\/#website\",\"url\":\"https:\\\/\\\/institutulxenopol.ro\\\/\",\"name\":\"Institutul de Istorie \u201eA. D. Xenopol\u201d Ia\u0219i\",\"description\":\"Academia Rom\u00e2n\u0103 - Filiala Ia\u0219i\",\"publisher\":{\"@id\":\"https:\\\/\\\/institutulxenopol.ro\\\/#organization\"},\"potentialAction\":[{\"@type\":\"SearchAction\",\"target\":{\"@type\":\"EntryPoint\",\"urlTemplate\":\"https:\\\/\\\/institutulxenopol.ro\\\/?s={search_term_string}\"},\"query-input\":{\"@type\":\"PropertyValueSpecification\",\"valueRequired\":true,\"valueName\":\"search_term_string\"}}],\"inLanguage\":\"en-US\"},{\"@type\":\"Organization\",\"@id\":\"https:\\\/\\\/institutulxenopol.ro\\\/#organization\",\"name\":\"Institutul de Istorie \u201eA. D. Xenopol\u201d Ia\u0219i\",\"url\":\"https:\\\/\\\/institutulxenopol.ro\\\/\",\"logo\":{\"@type\":\"ImageObject\",\"inLanguage\":\"en-US\",\"@id\":\"https:\\\/\\\/institutulxenopol.ro\\\/#\\\/schema\\\/logo\\\/image\\\/\",\"url\":\"https:\\\/\\\/institutulxenopol.ro\\\/wp-content\\\/uploads\\\/2025\\\/10\\\/logo-institut-black-e1761148345490.png\",\"contentUrl\":\"https:\\\/\\\/institutulxenopol.ro\\\/wp-content\\\/uploads\\\/2025\\\/10\\\/logo-institut-black-e1761148345490.png\",\"width\":432,\"height\":164,\"caption\":\"Institutul de Istorie \u201eA. D. Xenopol\u201d Ia\u0219i\"},\"image\":{\"@id\":\"https:\\\/\\\/institutulxenopol.ro\\\/#\\\/schema\\\/logo\\\/image\\\/\"},\"sameAs\":[\"https:\\\/\\\/www.facebook.com\\\/profile.php?id=61559258097917\"]}]}<\/script>\n<!-- \/ Yoast SEO plugin. -->","yoast_head_json":{"title":"\u0218coala Doctoral\u0103 - Institutul de Istorie \u201eA. D. Xenopol\u201d","description":"Institutul de Istorie \u201eA. D. Xenopol\u201d Ia\u0219i coordoneaz\u0103 o \u0219coal\u0103 doctoral\u0103 dedicat\u0103 studiilor istorice \u0219i form\u0103rii \u00een domeniul cercet\u0103rii \u0219tiin\u021bifice.","robots":{"index":"index","follow":"follow","max-snippet":"max-snippet:-1","max-image-preview":"max-image-preview:large","max-video-preview":"max-video-preview:-1"},"canonical":"https:\/\/institutulxenopol.ro\/en\/scoala-doctorala\/","og_locale":"en_US","og_type":"article","og_title":"\u0218coala Doctoral\u0103 - Institutul de Istorie \u201eA. D. Xenopol\u201d","og_description":"Institutul de Istorie \u201eA. D. Xenopol\u201d Ia\u0219i coordoneaz\u0103 o \u0219coal\u0103 doctoral\u0103 dedicat\u0103 studiilor istorice \u0219i form\u0103rii \u00een domeniul cercet\u0103rii \u0219tiin\u021bifice.","og_url":"https:\/\/institutulxenopol.ro\/en\/scoala-doctorala\/","og_site_name":"Institutul de Istorie \u201eA. D. Xenopol\u201d","article_publisher":"https:\/\/www.facebook.com\/profile.php?id=61559258097917","article_modified_time":"2025-11-04T09:06:09+00:00","og_image":[{"width":1356,"height":1003,"url":"https:\/\/institutulxenopol.ro\/wp-content\/uploads\/2025\/10\/institutul-de-istorie-white-image-text.jpeg","type":"image\/jpeg"}],"schema":{"@context":"https:\/\/schema.org","@graph":[{"@type":"WebPage","@id":"https:\/\/institutulxenopol.ro\/scoala-doctorala\/","url":"https:\/\/institutulxenopol.ro\/scoala-doctorala\/","name":"\u0218coala Doctoral\u0103 - Institutul de Istorie \u201eA. D. Xenopol\u201d","isPartOf":{"@id":"https:\/\/institutulxenopol.ro\/#website"},"datePublished":"2025-09-09T15:36:02+00:00","dateModified":"2025-11-04T09:06:09+00:00","description":"Institutul de Istorie \u201eA. D. Xenopol\u201d Ia\u0219i coordoneaz\u0103 o \u0219coal\u0103 doctoral\u0103 dedicat\u0103 studiilor istorice \u0219i form\u0103rii \u00een domeniul cercet\u0103rii \u0219tiin\u021bifice.","breadcrumb":{"@id":"https:\/\/institutulxenopol.ro\/scoala-doctorala\/#breadcrumb"},"inLanguage":"en-US","potentialAction":[{"@type":"ReadAction","target":["https:\/\/institutulxenopol.ro\/scoala-doctorala\/"]}]},{"@type":"BreadcrumbList","@id":"https:\/\/institutulxenopol.ro\/scoala-doctorala\/#breadcrumb","itemListElement":[{"@type":"ListItem","position":1,"name":"Prima pagin\u0103","item":"https:\/\/institutulxenopol.ro\/"},{"@type":"ListItem","position":2,"name":"\u0218coala Doctoral\u0103"}]},{"@type":"WebSite","@id":"https:\/\/institutulxenopol.ro\/#website","url":"https:\/\/institutulxenopol.ro\/","name":"Institutul de Istorie \u201eA. D. Xenopol\u201d Ia\u0219i","description":"Academia Rom\u00e2n\u0103 - Filiala Ia\u0219i","publisher":{"@id":"https:\/\/institutulxenopol.ro\/#organization"},"potentialAction":[{"@type":"SearchAction","target":{"@type":"EntryPoint","urlTemplate":"https:\/\/institutulxenopol.ro\/?s={search_term_string}"},"query-input":{"@type":"PropertyValueSpecification","valueRequired":true,"valueName":"search_term_string"}}],"inLanguage":"en-US"},{"@type":"Organization","@id":"https:\/\/institutulxenopol.ro\/#organization","name":"Institutul de Istorie \u201eA. D. Xenopol\u201d Ia\u0219i","url":"https:\/\/institutulxenopol.ro\/","logo":{"@type":"ImageObject","inLanguage":"en-US","@id":"https:\/\/institutulxenopol.ro\/#\/schema\/logo\/image\/","url":"https:\/\/institutulxenopol.ro\/wp-content\/uploads\/2025\/10\/logo-institut-black-e1761148345490.png","contentUrl":"https:\/\/institutulxenopol.ro\/wp-content\/uploads\/2025\/10\/logo-institut-black-e1761148345490.png","width":432,"height":164,"caption":"Institutul de Istorie \u201eA. D. Xenopol\u201d Ia\u0219i"},"image":{"@id":"https:\/\/institutulxenopol.ro\/#\/schema\/logo\/image\/"},"sameAs":["https:\/\/www.facebook.com\/profile.php?id=61559258097917"]}]}},"_links":{"self":[{"href":"https:\/\/institutulxenopol.ro\/en\/wp-json\/wp\/v2\/pages\/1812","targetHints":{"allow":["GET"]}}],"collection":[{"href":"https:\/\/institutulxenopol.ro\/en\/wp-json\/wp\/v2\/pages"}],"about":[{"href":"https:\/\/institutulxenopol.ro\/en\/wp-json\/wp\/v2\/types\/page"}],"author":[{"embeddable":true,"href":"https:\/\/institutulxenopol.ro\/en\/wp-json\/wp\/v2\/users\/1"}],"replies":[{"embeddable":true,"href":"https:\/\/institutulxenopol.ro\/en\/wp-json\/wp\/v2\/comments?post=1812"}],"version-history":[{"count":91,"href":"https:\/\/institutulxenopol.ro\/en\/wp-json\/wp\/v2\/pages\/1812\/revisions"}],"predecessor-version":[{"id":4563,"href":"https:\/\/institutulxenopol.ro\/en\/wp-json\/wp\/v2\/pages\/1812\/revisions\/4563"}],"wp:attachment":[{"href":"https:\/\/institutulxenopol.ro\/en\/wp-json\/wp\/v2\/media?parent=1812"}],"curies":[{"name":"wp","href":"https:\/\/api.w.org\/{rel}","templated":true}]}}